{"id":632,"date":"2023-09-07T20:10:21","date_gmt":"2023-09-08T00:10:21","guid":{"rendered":"https:\/\/lemonfirebrigade.com\/?page_id=632"},"modified":"2023-09-13T17:09:03","modified_gmt":"2023-09-13T21:09:03","slug":"632-2","status":"publish","type":"page","link":"https:\/\/lemonfirebrigade.com\/es\/","title":{"rendered":"Sin t\u00edtulo"},"content":{"rendered":"<div class=\"wp-block-group alignfull\"><div class=\"wp-block-group__inner-container is-layout-flow wp-block-group-is-layout-flow\"><ul class=\"wp-block-latest-posts__list is-grid columns-2 alignwide tw-mt-8 is-style-tw-posts-card tw-img-ratio-3-2 tw-heading-size-medium tw-stretched-link wp-block-latest-posts\"><li><div class=\"wp-block-latest-posts__featured-image\"><img loading=\"lazy\" decoding=\"async\" width=\"728\" height=\"728\" src=\"https:\/\/lemonfirebrigade.com\/wp-content\/uploads\/2023\/08\/easy-lasagna-recipe-with-cottage-cheese.jpg\" class=\"attachment-large size-large wp-post-image\" alt=\"receta f\u00e1cil de lasa\u00f1a con reques\u00f3n\" style=\"width:100%;height:100%;max-width:1024px;\" srcset=\"https:\/\/lemonfirebrigade.com\/wp-content\/uploads\/2023\/08\/easy-lasagna-recipe-with-cottage-cheese.jpg 1024w, https:\/\/lemonfirebrigade.com\/wp-content\/uploads\/2023\/08\/easy-lasagna-recipe-with-cottage-cheese-150x150.jpg 150w, https:\/\/lemonfirebrigade.com\/wp-content\/uploads\/2023\/08\/easy-lasagna-recipe-with-cottage-cheese-300x300.jpg 300w, https:\/\/lemonfirebrigade.com\/wp-content\/uploads\/2023\/08\/easy-lasagna-recipe-with-cottage-cheese-768x768.jpg 768w, https:\/\/lemonfirebrigade.com\/wp-content\/uploads\/2023\/08\/easy-lasagna-recipe-with-cottage-cheese-12x12.jpg 12w, https:\/\/lemonfirebrigade.com\/wp-content\/uploads\/2023\/08\/easy-lasagna-recipe-with-cottage-cheese-500x500.jpg 500w\" sizes=\"auto, (min-width: 1280px) 580px, (min-width: 822px) calc(50vw - 80px), (min-width: 652px) calc(50vw - 52px), (min-width: 482px) calc(100vw - 80px), calc(100vw - 40px)\" \/><\/div><a class=\"wp-block-latest-posts__post-title\" href=\"https:\/\/lemonfirebrigade.com\/es\/receta-de-lasana-facil-con-queso-fresco\/\">Receta de lasa\u00f1a f\u00e1cil con reques\u00f3n<\/a><div class=\"wp-block-latest-posts__post-excerpt\">Hola, entusiastas de la comida y conquistadores de la cocina. Hoy me sumerjo en un tema tan satisfactorio como una carcajada... <a class=\"more-link\" href=\"https:\/\/lemonfirebrigade.com\/es\/receta-de-lasana-facil-con-queso-fresco\/\">Seguir leyendo <span class=\"screen-reader-text\">Receta de lasa\u00f1a f\u00e1cil con reques\u00f3n<\/span><\/a><\/div><\/li>\n<li><div class=\"wp-block-latest-posts__featured-image\"><img loading=\"lazy\" decoding=\"async\" width=\"728\" height=\"728\" src=\"https:\/\/lemonfirebrigade.com\/wp-content\/uploads\/2023\/07\/crockpot-sausage-gravy.jpg\" class=\"attachment-large size-large wp-post-image\" alt=\"salsa de salchichas crockpot\" style=\"width:100%;height:100%;max-width:1024px;\" srcset=\"https:\/\/lemonfirebrigade.com\/wp-content\/uploads\/2023\/07\/crockpot-sausage-gravy.jpg 1024w, https:\/\/lemonfirebrigade.com\/wp-content\/uploads\/2023\/07\/crockpot-sausage-gravy-150x150.jpg 150w, https:\/\/lemonfirebrigade.com\/wp-content\/uploads\/2023\/07\/crockpot-sausage-gravy-300x300.jpg 300w, https:\/\/lemonfirebrigade.com\/wp-content\/uploads\/2023\/07\/crockpot-sausage-gravy-768x768.jpg 768w, https:\/\/lemonfirebrigade.com\/wp-content\/uploads\/2023\/07\/crockpot-sausage-gravy-12x12.jpg 12w, https:\/\/lemonfirebrigade.com\/wp-content\/uploads\/2023\/07\/crockpot-sausage-gravy-500x500.jpg 500w\" sizes=\"auto, (min-width: 1280px) 580px, (min-width: 822px) calc(50vw - 80px), (min-width: 652px) calc(50vw - 52px), (min-width: 482px) calc(100vw - 80px), calc(100vw - 40px)\" \/><\/div><a class=\"wp-block-latest-posts__post-title\" href=\"https:\/\/lemonfirebrigade.com\/es\/crockpot-sausage-gravy\/\">Crockpot Sausage Gravy<\/a><div class=\"wp-block-latest-posts__post-excerpt\">Hola a todos. Hoy, vamos a conseguir nuestra comida con un plato cl\u00e1sico del sur de confort: \u00a1Crockpot Sausage Gravy! Mmm,... <a class=\"more-link\" href=\"https:\/\/lemonfirebrigade.com\/es\/crockpot-sausage-gravy\/\">Seguir leyendo <span class=\"screen-reader-text\">Crockpot Sausage Gravy<\/span><\/a><\/div><\/li>\n<\/ul>\n\n\n<div class=\"wp-block-uagb-container uagb-block-3a6df244 alignfull uagb-is-root-container\"><div class=\"uagb-container-inner-blocks-wrap\"><\/div><\/div>\n\n\n\n<div class=\"wp-block-group alignfull\"><div class=\"wp-block-group__inner-container is-layout-flow wp-block-group-is-layout-flow\">\n<h2 class=\"wp-block-heading has-text-align-center\">\u00daltimas entradas<\/h2>\n\n\n<ul class=\"wp-block-latest-posts__list is-grid columns-3 alignwide tw-mt-8 is-style-tw-posts-card tw-img-ratio-3-2 tw-heading-size-medium tw-stretched-link wp-block-latest-posts\"><li><div class=\"wp-block-latest-posts__featured-image\"><img loading=\"lazy\" decoding=\"async\" width=\"728\" height=\"486\" src=\"https:\/\/lemonfirebrigade.com\/wp-content\/uploads\/2023\/09\/chicken-and-cabbage-soup-1024x683.jpg\" class=\"attachment-large size-large wp-post-image\" alt=\"sopa de pollo y col\" style=\"width:100%;height:66.67%;max-width:1344px;\" srcset=\"https:\/\/lemonfirebrigade.com\/wp-content\/uploads\/2023\/09\/chicken-and-cabbage-soup-1024x683.jpg 1024w, https:\/\/lemonfirebrigade.com\/wp-content\/uploads\/2023\/09\/chicken-and-cabbage-soup-300x200.jpg 300w, https:\/\/lemonfirebrigade.com\/wp-content\/uploads\/2023\/09\/chicken-and-cabbage-soup-768x512.jpg 768w, https:\/\/lemonfirebrigade.com\/wp-content\/uploads\/2023\/09\/chicken-and-cabbage-soup-18x12.jpg 18w, https:\/\/lemonfirebrigade.com\/wp-content\/uploads\/2023\/09\/chicken-and-cabbage-soup.jpg 1344w\" sizes=\"auto, (min-width: 1280px) 373px, (min-width: 1024px) calc(33.33vw - 66px), (min-width: 822px) calc(50vw - 80px), (min-width: 652px) calc(50vw - 52px), (min-width: 482px) calc(100vw - 80px), calc(100vw - 40px)\" \/><\/div><a class=\"wp-block-latest-posts__post-title\" href=\"https:\/\/lemonfirebrigade.com\/es\/sopa-de-pollo-y-col\/\">Sopa de pollo y col<\/a><div class=\"wp-block-latest-posts__post-excerpt\">Hoy, voy a llevarte en un sabroso viaje al mundo de la sopa de pollo y repollo. Conf\u00eda en m\u00ed;... <a class=\"more-link\" href=\"https:\/\/lemonfirebrigade.com\/es\/sopa-de-pollo-y-col\/\">Seguir leyendo <span class=\"screen-reader-text\">Sopa de pollo y col<\/span><\/a><\/div><\/li>\n<li><div class=\"wp-block-latest-posts__featured-image\"><img loading=\"lazy\" decoding=\"async\" width=\"728\" height=\"486\" src=\"https:\/\/lemonfirebrigade.com\/wp-content\/uploads\/2023\/09\/double-chocolate-chip-cookies-bars-1024x683.jpg\" class=\"attachment-large size-large wp-post-image\" alt=\"barritas de galleta con doble pepita de chocolate\" style=\"width:100%;height:66.67%;max-width:1344px;\" srcset=\"https:\/\/lemonfirebrigade.com\/wp-content\/uploads\/2023\/09\/double-chocolate-chip-cookies-bars-1024x683.jpg 1024w, https:\/\/lemonfirebrigade.com\/wp-content\/uploads\/2023\/09\/double-chocolate-chip-cookies-bars-300x200.jpg 300w, https:\/\/lemonfirebrigade.com\/wp-content\/uploads\/2023\/09\/double-chocolate-chip-cookies-bars-768x512.jpg 768w, https:\/\/lemonfirebrigade.com\/wp-content\/uploads\/2023\/09\/double-chocolate-chip-cookies-bars-18x12.jpg 18w, https:\/\/lemonfirebrigade.com\/wp-content\/uploads\/2023\/09\/double-chocolate-chip-cookies-bars.jpg 1344w\" sizes=\"auto, (min-width: 1280px) 373px, (min-width: 1024px) calc(33.33vw - 66px), (min-width: 822px) calc(50vw - 80px), (min-width: 652px) calc(50vw - 52px), (min-width: 482px) calc(100vw - 80px), calc(100vw - 40px)\" \/><\/div><a class=\"wp-block-latest-posts__post-title\" href=\"https:\/\/lemonfirebrigade.com\/es\/barritas-de-galleta-con-doble-pepita-de-chocolate\/\">Barritas de galletas con doble chispas de chocolate<\/a><div class=\"wp-block-latest-posts__post-excerpt\">Hoy me sumerjo de cabeza en el delicioso mundo de las barritas de galleta con doble chispa de chocolate. Quiero decir, \u00bfqui\u00e9n puede resistirse a la... <a class=\"more-link\" href=\"https:\/\/lemonfirebrigade.com\/es\/barritas-de-galleta-con-doble-pepita-de-chocolate\/\">Seguir leyendo <span class=\"screen-reader-text\">Barritas de galletas con doble chispas de chocolate<\/span><\/a><\/div><\/li>\n<li><div class=\"wp-block-latest-posts__featured-image\"><img loading=\"lazy\" decoding=\"async\" width=\"728\" height=\"486\" src=\"https:\/\/lemonfirebrigade.com\/wp-content\/uploads\/2023\/09\/banana-bread-with-cinnamon-swirl-1024x683.jpg\" class=\"attachment-large size-large wp-post-image\" alt=\"pan de pl\u00e1tano con remolino de canela\" style=\"width:100%;height:66.67%;max-width:1344px;\" srcset=\"https:\/\/lemonfirebrigade.com\/wp-content\/uploads\/2023\/09\/banana-bread-with-cinnamon-swirl-1024x683.jpg 1024w, https:\/\/lemonfirebrigade.com\/wp-content\/uploads\/2023\/09\/banana-bread-with-cinnamon-swirl-300x200.jpg 300w, https:\/\/lemonfirebrigade.com\/wp-content\/uploads\/2023\/09\/banana-bread-with-cinnamon-swirl-768x512.jpg 768w, https:\/\/lemonfirebrigade.com\/wp-content\/uploads\/2023\/09\/banana-bread-with-cinnamon-swirl-18x12.jpg 18w, https:\/\/lemonfirebrigade.com\/wp-content\/uploads\/2023\/09\/banana-bread-with-cinnamon-swirl.jpg 1344w\" sizes=\"auto, (min-width: 1280px) 373px, (min-width: 1024px) calc(33.33vw - 66px), (min-width: 822px) calc(50vw - 80px), (min-width: 652px) calc(50vw - 52px), (min-width: 482px) calc(100vw - 80px), calc(100vw - 40px)\" \/><\/div><a class=\"wp-block-latest-posts__post-title\" href=\"https:\/\/lemonfirebrigade.com\/es\/pan-de-platano-con-remolino-de-canela\/\">Pan de pl\u00e1tano con remolino de canela<\/a><div class=\"wp-block-latest-posts__post-excerpt\">Hoy me sumerjo de cabeza en el mundo de la reposter\u00eda y hablamos de un cl\u00e1sico favorito: el pan de pl\u00e1tano. Pero espera... <a class=\"more-link\" href=\"https:\/\/lemonfirebrigade.com\/es\/pan-de-platano-con-remolino-de-canela\/\">Seguir leyendo <span class=\"screen-reader-text\">Pan de pl\u00e1tano con remolino de canela<\/span><\/a><\/div><\/li>\n<li><div class=\"wp-block-latest-posts__featured-image\"><img loading=\"lazy\" decoding=\"async\" width=\"728\" height=\"486\" src=\"https:\/\/lemonfirebrigade.com\/wp-content\/uploads\/2023\/09\/spanish-style-beef-soup-1024x683.jpg\" class=\"attachment-large size-large wp-post-image\" alt=\"sopa de ternera a la espa\u00f1ola\" style=\"width:100%;height:66.67%;max-width:1344px;\" srcset=\"https:\/\/lemonfirebrigade.com\/wp-content\/uploads\/2023\/09\/spanish-style-beef-soup-1024x683.jpg 1024w, https:\/\/lemonfirebrigade.com\/wp-content\/uploads\/2023\/09\/spanish-style-beef-soup-300x200.jpg 300w, https:\/\/lemonfirebrigade.com\/wp-content\/uploads\/2023\/09\/spanish-style-beef-soup-768x512.jpg 768w, https:\/\/lemonfirebrigade.com\/wp-content\/uploads\/2023\/09\/spanish-style-beef-soup-18x12.jpg 18w, https:\/\/lemonfirebrigade.com\/wp-content\/uploads\/2023\/09\/spanish-style-beef-soup.jpg 1344w\" sizes=\"auto, (min-width: 1280px) 373px, (min-width: 1024px) calc(33.33vw - 66px), (min-width: 822px) calc(50vw - 80px), (min-width: 652px) calc(50vw - 52px), (min-width: 482px) calc(100vw - 80px), calc(100vw - 40px)\" \/><\/div><a class=\"wp-block-latest-posts__post-title\" href=\"https:\/\/lemonfirebrigade.com\/es\/sopa-de-ternera-a-la-espanola-caldo-de-res\/\">Sopa de Ternera a la Espa\u00f1ola (Caldo De Res)<\/a><div class=\"wp-block-latest-posts__post-excerpt\">Hola, amigos. Hoy os traigo una delicia para el paladar: sopa de ternera a la espa\u00f1ola, tambi\u00e9n conocida como... <a class=\"more-link\" href=\"https:\/\/lemonfirebrigade.com\/es\/sopa-de-ternera-a-la-espanola-caldo-de-res\/\">Seguir leyendo <span class=\"screen-reader-text\">Sopa de Ternera a la Espa\u00f1ola (Caldo De Res)<\/span><\/a><\/div><\/li>\n<li><div class=\"wp-block-latest-posts__featured-image\"><img loading=\"lazy\" decoding=\"async\" width=\"728\" height=\"486\" src=\"https:\/\/lemonfirebrigade.com\/wp-content\/uploads\/2023\/09\/ground-taco-meat-recipe-1024x683.jpg\" class=\"attachment-large size-large wp-post-image\" alt=\"receta de carne picada para tacos\" style=\"width:100%;height:66.67%;max-width:1344px;\" srcset=\"https:\/\/lemonfirebrigade.com\/wp-content\/uploads\/2023\/09\/ground-taco-meat-recipe-1024x683.jpg 1024w, https:\/\/lemonfirebrigade.com\/wp-content\/uploads\/2023\/09\/ground-taco-meat-recipe-300x200.jpg 300w, https:\/\/lemonfirebrigade.com\/wp-content\/uploads\/2023\/09\/ground-taco-meat-recipe-768x512.jpg 768w, https:\/\/lemonfirebrigade.com\/wp-content\/uploads\/2023\/09\/ground-taco-meat-recipe-18x12.jpg 18w, https:\/\/lemonfirebrigade.com\/wp-content\/uploads\/2023\/09\/ground-taco-meat-recipe.jpg 1344w\" sizes=\"auto, (min-width: 1280px) 373px, (min-width: 1024px) calc(33.33vw - 66px), (min-width: 822px) calc(50vw - 80px), (min-width: 652px) calc(50vw - 52px), (min-width: 482px) calc(100vw - 80px), calc(100vw - 40px)\" \/><\/div><a class=\"wp-block-latest-posts__post-title\" href=\"https:\/\/lemonfirebrigade.com\/es\/receta-de-carne-picada-para-tacos\/\">Receta de carne picada para tacos<\/a><div class=\"wp-block-latest-posts__post-excerpt\">Hoy me sumerjo en el mundo de las delicias con una receta de carne picada para tacos que har\u00e1 que tus papilas gustativas... <a class=\"more-link\" href=\"https:\/\/lemonfirebrigade.com\/es\/receta-de-carne-picada-para-tacos\/\">Seguir leyendo <span class=\"screen-reader-text\">Receta de carne picada para tacos<\/span><\/a><\/div><\/li>\n<li><div class=\"wp-block-latest-posts__featured-image\"><img loading=\"lazy\" decoding=\"async\" width=\"728\" height=\"486\" src=\"https:\/\/lemonfirebrigade.com\/wp-content\/uploads\/2023\/09\/brown-butter-maple-chocolate-chip-cookies-1024x683.jpg\" class=\"attachment-large size-large wp-post-image\" alt=\"galletas de chocolate con mantequilla marr\u00f3n y arce\" style=\"width:100%;height:66.67%;max-width:1344px;\" srcset=\"https:\/\/lemonfirebrigade.com\/wp-content\/uploads\/2023\/09\/brown-butter-maple-chocolate-chip-cookies-1024x683.jpg 1024w, https:\/\/lemonfirebrigade.com\/wp-content\/uploads\/2023\/09\/brown-butter-maple-chocolate-chip-cookies-300x200.jpg 300w, https:\/\/lemonfirebrigade.com\/wp-content\/uploads\/2023\/09\/brown-butter-maple-chocolate-chip-cookies-768x512.jpg 768w, https:\/\/lemonfirebrigade.com\/wp-content\/uploads\/2023\/09\/brown-butter-maple-chocolate-chip-cookies-18x12.jpg 18w, https:\/\/lemonfirebrigade.com\/wp-content\/uploads\/2023\/09\/brown-butter-maple-chocolate-chip-cookies.jpg 1344w\" sizes=\"auto, (min-width: 1280px) 373px, (min-width: 1024px) calc(33.33vw - 66px), (min-width: 822px) calc(50vw - 80px), (min-width: 652px) calc(50vw - 52px), (min-width: 482px) calc(100vw - 80px), calc(100vw - 40px)\" \/><\/div><a class=\"wp-block-latest-posts__post-title\" href=\"https:\/\/lemonfirebrigade.com\/es\/galletas-de-chocolate-con-mantequilla-marron-y-arce\/\">Galletas con pepitas de chocolate y arce y mantequilla marr\u00f3n<\/a><div class=\"wp-block-latest-posts__post-excerpt\">\u00bfEst\u00e1s preparado para las galletas m\u00e1s deliciosas y decadentes que jam\u00e1s hayan cruzado tus labios? Prep\u00e1rate para una explosi\u00f3n de sabor... <a class=\"more-link\" href=\"https:\/\/lemonfirebrigade.com\/es\/galletas-de-chocolate-con-mantequilla-marron-y-arce\/\">Seguir leyendo <span class=\"screen-reader-text\">Galletas con pepitas de chocolate y arce y mantequilla marr\u00f3n<\/span><\/a><\/div><\/li>\n<\/ul><\/div><\/div>\n<\/div><\/div>","protected":false},"excerpt":{"rendered":"<p>\u00daltimas entradas<\/p>","protected":false},"author":1,"featured_media":0,"parent":0,"menu_order":0,"comment_status":"closed","ping_status":"closed","template":"","meta":{"_uag_custom_page_level_css":"","wprm-recipe-roundup-name":"","wprm-recipe-roundup-description":"","footnotes":""},"class_list":["post-632","page","type-page","status-publish","hentry","entry"],"uagb_featured_image_src":{"full":false,"thumbnail":false,"medium":false,"medium_large":false,"large":false,"1536x1536":false,"2048x2048":false,"trp-custom-language-flag":false,"wprm-metadata-1_1":false,"wprm-metadata-4_3":false,"wprm-metadata-16_9":false,"post-thumbnail":false},"uagb_author_info":{"display_name":"Michael Reichert","author_link":"https:\/\/lemonfirebrigade.com\/es\/author\/lfb_admin381\/"},"uagb_comment_info":0,"uagb_excerpt":"Latest posts","_links":{"self":[{"href":"https:\/\/lemonfirebrigade.com\/es\/wp-json\/wp\/v2\/pages\/632","targetHints":{"allow":["GET"]}}],"collection":[{"href":"https:\/\/lemonfirebrigade.com\/es\/wp-json\/wp\/v2\/pages"}],"about":[{"href":"https:\/\/lemonfirebrigade.com\/es\/wp-json\/wp\/v2\/types\/page"}],"author":[{"embeddable":true,"href":"https:\/\/lemonfirebrigade.com\/es\/wp-json\/wp\/v2\/users\/1"}],"replies":[{"embeddable":true,"href":"https:\/\/lemonfirebrigade.com\/es\/wp-json\/wp\/v2\/comments?post=632"}],"version-history":[{"count":7,"href":"https:\/\/lemonfirebrigade.com\/es\/wp-json\/wp\/v2\/pages\/632\/revisions"}],"predecessor-version":[{"id":703,"href":"https:\/\/lemonfirebrigade.com\/es\/wp-json\/wp\/v2\/pages\/632\/revisions\/703"}],"wp:attachment":[{"href":"https:\/\/lemonfirebrigade.com\/es\/wp-json\/wp\/v2\/media?parent=632"}],"curies":[{"name":"wp","href":"https:\/\/api.w.org\/{rel}","templated":true}]}}