{"id":336,"date":"2021-12-03T16:10:18","date_gmt":"2021-12-03T21:10:18","guid":{"rendered":"https:\/\/lemonfirebrigade.com\/?page_id=336"},"modified":"2021-12-03T16:16:50","modified_gmt":"2021-12-03T21:16:50","slug":"terms-and-conditions","status":"publish","type":"page","link":"https:\/\/lemonfirebrigade.com\/es\/condiciones-generales\/","title":{"rendered":"Condiciones generales"},"content":{"rendered":"<p>Bienvenido a lemonfirebrigade.com. Si contin\u00faa navegando y utilizando este sitio web usted acepta cumplir y estar obligado por los siguientes t\u00e9rminos y condiciones de uso, que junto con nuestro <a href=\"https:\/\/lemonfirebrigade.com\/es\/politica-de-privacidad\/\">pol\u00edtica de privacidad<\/a> gobernar lemonfirebrigade.com<em>'s<\/em>\u00a0relaci\u00f3n con usted en relaci\u00f3n con este sitio web.<\/p>\n<p>El t\u00e9rmino lemonfirebrigade.com o 'nosotros' se refiere al propietario del sitio web. El t\u00e9rmino \"usted\" se refiere al usuario o visitante de nuestro sitio web. El uso de este sitio web est\u00e1 sujeto a las siguientes condiciones de uso:<\/p>\n<ul>\n<li>El contenido de las p\u00e1ginas de este sitio web es \u00fanicamente para su informaci\u00f3n y uso generales. Est\u00e1 sujeto a cambios sin previo aviso.<\/li>\n<li>Ni nosotros ni terceros proporcionamos garant\u00eda alguna en cuanto a la exactitud, puntualidad, rendimiento, integridad o idoneidad de la informaci\u00f3n y los materiales encontrados u ofrecidos en este sitio web para cualquier fin concreto. Usted reconoce que dicha informaci\u00f3n y materiales pueden contener inexactitudes o errores y nosotros excluimos expresamente toda responsabilidad por tales inexactitudes o errores en la m\u00e1xima medida permitida por la ley.<\/li>\n<li>El uso que usted haga de la informaci\u00f3n o los materiales contenidos en este sitio web ser\u00e1 por su cuenta y riesgo, y no asumiremos responsabilidad alguna por ello. Ser\u00e1 responsabilidad del usuario asegurarse de que los productos, servicios o informaci\u00f3n disponibles a trav\u00e9s de este sitio web satisfacen sus necesidades espec\u00edficas.<\/li>\n<li>Este sitio web contiene material que nos pertenece o para el que tenemos licencia. Este material incluye, entre otros, el dise\u00f1o, la presentaci\u00f3n, el aspecto, la apariencia y los gr\u00e1ficos. Queda prohibida toda reproducci\u00f3n que no se ajuste al aviso de derechos de autor, que forma parte de las presentes condiciones.<\/li>\n<li>Todas las marcas reproducidas en este sitio web, que no son propiedad del operador ni est\u00e1n autorizadas por \u00e9l, est\u00e1n reconocidas en el sitio web.<\/li>\n<li>El uso no autorizado de este sitio web puede dar lugar a una reclamaci\u00f3n por da\u00f1os y perjuicios y\/o constituir un delito.<\/li>\n<li>Ocasionalmente, este sitio web tambi\u00e9n puede incluir enlaces a otros sitios web. Estos enlaces se proporcionan para su comodidad con el fin de proporcionarle m\u00e1s informaci\u00f3n. No significan que apoyemos el sitio o sitios web enlazados. No asumimos responsabilidad alguna por el contenido de los sitios web enlazados.<\/li>\n<li>Usted no puede crear un enlace a este sitio web desde otro sitio web o documento sin lemonfirebrigade.com<em>'s\u00a0<\/em>consentimiento previo por escrito.<\/li>\n<li>Algunos de los enlaces que se encuentran en lemonfirebrigade.com son \"enlaces de afiliados\". Esto significa que si hace clic en el enlace y compra el art\u00edculo, recibir\u00e9 una comisi\u00f3n de afiliado. Independientemente, yo s\u00f3lo recomiendo productos o servicios que uso personalmente y creo que agregar\u00e1 valor a mis lectores. Estoy revelando esto de acuerdo con la Comisi\u00f3n Federal de Comercio de\u00a0<a href=\"http:\/\/www.access.gpo.gov\/nara\/cfr\/waisidx_03\/16cfr255_03.html\" target=\"_blank\" rel=\"noopener noreferrer\">16 CFR, Parte 255<\/a>: \"Gu\u00edas sobre el uso de avales y testimonios en la publicidad\".<\/li>\n<\/ul>\n<p style=\"text-align: center;\">","protected":false},"excerpt":{"rendered":"<p>Bienvenido a lemonfirebrigade.com. Si contin\u00faa navegando y utilizando este sitio web usted acepta cumplir y estar obligado por los siguientes t\u00e9rminos y condiciones de uso, que junto con nuestra pol\u00edtica de privacidad rigen la relaci\u00f3n de lemonfirebrigade.com con usted en relaci\u00f3n a este sitio web. El t\u00e9rmino lemonfirebrigade.com o \"nosotros\" se refiere al propietario... <a class=\"more-link\" href=\"https:\/\/lemonfirebrigade.com\/es\/condiciones-generales\/\">Seguir leyendo <span class=\"screen-reader-text\">Condiciones generales<\/span><\/a><\/p>","protected":false},"author":1,"featured_media":0,"parent":0,"menu_order":0,"comment_status":"closed","ping_status":"closed","template":"page-full-width.php","meta":{"_uag_custom_page_level_css":"","wprm-recipe-roundup-name":"","wprm-recipe-roundup-description":"","footnotes":""},"class_list":["post-336","page","type-page","status-publish","hentry","entry"],"uagb_featured_image_src":{"full":false,"thumbnail":false,"medium":false,"medium_large":false,"large":false,"1536x1536":false,"2048x2048":false,"trp-custom-language-flag":false,"wprm-metadata-1_1":false,"wprm-metadata-4_3":false,"wprm-metadata-16_9":false,"post-thumbnail":false},"uagb_author_info":{"display_name":"Michael Reichert","author_link":"https:\/\/lemonfirebrigade.com\/es\/author\/lfb_admin381\/"},"uagb_comment_info":0,"uagb_excerpt":"Welcome to lemonfirebrigade.com. If you continue to browse and use this website you are agreeing to comply with and be bound by the following terms and conditions of use, which together with our privacy policy govern lemonfirebrigade.com\u2019s\u00a0relationship with you in relation to this website. The term lemonfirebrigade.com or \u2018us\u2019 or \u2018we\u2019 refers to the owner&hellip;&hellip;","_links":{"self":[{"href":"https:\/\/lemonfirebrigade.com\/es\/wp-json\/wp\/v2\/pages\/336","targetHints":{"allow":["GET"]}}],"collection":[{"href":"https:\/\/lemonfirebrigade.com\/es\/wp-json\/wp\/v2\/pages"}],"about":[{"href":"https:\/\/lemonfirebrigade.com\/es\/wp-json\/wp\/v2\/types\/page"}],"author":[{"embeddable":true,"href":"https:\/\/lemonfirebrigade.com\/es\/wp-json\/wp\/v2\/users\/1"}],"replies":[{"embeddable":true,"href":"https:\/\/lemonfirebrigade.com\/es\/wp-json\/wp\/v2\/comments?post=336"}],"version-history":[{"count":1,"href":"https:\/\/lemonfirebrigade.com\/es\/wp-json\/wp\/v2\/pages\/336\/revisions"}],"predecessor-version":[{"id":337,"href":"https:\/\/lemonfirebrigade.com\/es\/wp-json\/wp\/v2\/pages\/336\/revisions\/337"}],"wp:attachment":[{"href":"https:\/\/lemonfirebrigade.com\/es\/wp-json\/wp\/v2\/media?parent=336"}],"curies":[{"name":"wp","href":"https:\/\/api.w.org\/{rel}","templated":true}]}}