{"id":334,"date":"2021-12-03T16:07:11","date_gmt":"2021-12-03T21:07:11","guid":{"rendered":"https:\/\/lemonfirebrigade.com\/?page_id=334"},"modified":"2021-12-03T16:16:43","modified_gmt":"2021-12-03T21:16:43","slug":"privacy-policy","status":"publish","type":"page","link":"https:\/\/lemonfirebrigade.com\/es\/politica-de-privacidad\/","title":{"rendered":"Pol\u00edtica de privacidad"},"content":{"rendered":"<p>En vigor a partir del 3 de diciembre de 2021<\/p>\n<p>Como propietario de este sitio web (lemonfirebrigade.com, denominado el \"Sitio\"), entiende que su privacidad es de vital importancia. Esta Pol\u00edtica de Privacidad describe qu\u00e9 informaci\u00f3n recopilamos de usted a trav\u00e9s del Sitio y c\u00f3mo utilizamos y divulgamos dicha informaci\u00f3n.<\/p>\n<p>NUESTRO USO DE COOKIES<\/p>\n<p>Una cookie es un fichero que contiene un identificador (una cadena de letras y n\u00fameros) enviado por un servidor web a un navegador y almacenado por \u00e9ste. El identificador se devuelve al servidor cada vez que el navegador solicita una p\u00e1gina del servidor. Las cookies pueden ser \"persistentes\" o \"de sesi\u00f3n\": una cookie persistente ser\u00e1 almacenada por un navegador web y seguir\u00e1 siendo v\u00e1lida hasta la fecha de caducidad establecida, a menos que el usuario la elimine antes de la fecha de caducidad; una cookie de sesi\u00f3n, por el contrario, caducar\u00e1 al final de la sesi\u00f3n del usuario, cuando se cierre el navegador web. Las cookies no suelen contener informaci\u00f3n que identifique personalmente a un usuario, pero la informaci\u00f3n personal que almacenamos sobre usted puede estar vinculada a la informaci\u00f3n almacenada y obtenida de las cookies.<\/p>\n<p>Utilizamos cookies para los siguientes fines:<\/p>\n<p>(a) Autenticaci\u00f3n: Utilizamos cookies para identificarle cuando visita nuestro sitio web y mientras navega por \u00e9l;<\/p>\n<p>(b) Correo electr\u00f3nico: Utilizamos cookies para ayudarnos a enviar correos electr\u00f3nicos relevantes a los usuarios que se han suscrito a nuestra lista de correo electr\u00f3nico;<\/p>\n<p>(c) Seguridad: Utilizamos cookies como un elemento de las medidas de seguridad utilizadas para proteger las cuentas de usuario, incluida la prevenci\u00f3n del uso fraudulento de credenciales de inicio de sesi\u00f3n, y para proteger nuestro sitio web y servicios en general;<\/p>\n<p>(d) Publicidad: Utilizamos cookies para ayudarnos a mostrar anuncios que ser\u00e1n relevantes para usted; y<\/p>\n<p>(e) An\u00e1lisis: Utilizamos cookies para ayudarnos a analizar el uso y el rendimiento de nuestro sitio web y nuestros servicios;<\/p>\n<p>Utilizamos Google Analytics para analizar el uso de nuestro sitio web. Google Analytics recopila informaci\u00f3n sobre el uso del sitio web mediante cookies. La informaci\u00f3n recopilada relativa a nuestro sitio web se utiliza para crear informes sobre el uso de nuestro sitio web.<\/p>\n<p>La pol\u00edtica de privacidad de Google est\u00e1 disponible en: https:\/\/www.google.com\/policies\/privacy\/<\/p>\n<p>La mayor\u00eda de los navegadores le permiten negarse a aceptar cookies y eliminarlas. Los m\u00e9todos para hacerlo var\u00edan de un navegador a otro y de una versi\u00f3n a otra. No obstante, puede obtener informaci\u00f3n actualizada sobre el bloqueo y la eliminaci\u00f3n de cookies a trav\u00e9s de estos enlaces:<\/p>\n<p>(a) https:\/\/support.google.com\/chrome\/answer\/95647?hl=en (Cromo);<\/p>\n<p>(b) https:\/\/support.mozilla.org\/en-US\/kb\/enable-and-disable-cookies-website-preferences (Firefox);<\/p>\n<p>(c) http:\/\/www.opera.com\/help\/tutorials\/security\/cookies\/ (Opera);<\/p>\n<p>(d) https:\/\/support.microsoft.com\/en-gb\/help\/17442\/windows-internet-explorer-delete-manage-cookies (Internet Explorer);<\/p>\n<p>(e) https:\/\/support.apple.com\/kb\/PH21411 (Safari); y<\/p>\n<p>(f) https:\/\/privacy.microsoft.com\/en-us\/windows-10-microsoft-edge-and-privacy(Edge).<\/p>\n<p>Tenga en cuenta que el bloqueo de las cookies puede afectar negativamente al funcionamiento de muchos sitios web, incluido el nuestro. Algunas funciones del Sitio pueden dejar de estar disponibles para usted.<\/p>\n<p>COMENTARIOS<\/p>\n<p>Si deja un comentario en nuestro sitio, puede optar por guardar su nombre, direcci\u00f3n de correo electr\u00f3nico y sitio web en cookies. Esto es para su comodidad, para que no tenga que volver a rellenar sus datos cuando deje otro comentario. Estas cookies durar\u00e1n un a\u00f1o.<\/p>\n<p>Si tiene una cuenta e inicia sesi\u00f3n en este sitio, instalaremos una cookie temporal para determinar si su navegador acepta cookies. Esta cookie no contiene datos personales y se desecha al cerrar el navegador.<\/p>\n<p>Cuando inicie sesi\u00f3n, tambi\u00e9n instalaremos varias cookies para guardar su informaci\u00f3n de inicio de sesi\u00f3n y sus opciones de visualizaci\u00f3n en pantalla. Las cookies de inicio de sesi\u00f3n duran dos d\u00edas, y las de opciones de pantalla, un a\u00f1o. Si selecciona \"Recordarme\", sus datos de acceso permanecer\u00e1n durante dos semanas. Si sale de su cuenta, se eliminar\u00e1n las cookies de inicio de sesi\u00f3n.<\/p>\n<p>Si edita o publica un art\u00edculo, se guardar\u00e1 una cookie adicional en su navegador. Esta cookie no incluye datos personales y simplemente indica el ID de publicaci\u00f3n del art\u00edculo que acaba de editar. Caduca al cabo de 1 d\u00eda.<\/p>\n<p>Cuando los visitantes dejan comentarios en el sitio, recopilamos los datos que aparecen en el formulario de comentarios, as\u00ed como la direcci\u00f3n IP del visitante y la cadena de agentes de usuario del navegador para facilitar la detecci\u00f3n de spam.<\/p>\n<p>Una cadena anonimizada creada a partir de su direcci\u00f3n de correo electr\u00f3nico (tambi\u00e9n llamada hash) puede ser proporcionada al servicio Gravatar para saber si usted la est\u00e1 utilizando. La pol\u00edtica de privacidad del servicio Gravatar est\u00e1 disponible aqu\u00ed: https:\/\/automattic.com\/privacy\/. Tras la aprobaci\u00f3n de tu comentario, tu foto de perfil ser\u00e1 visible al p\u00fablico en el contexto de tu comentario.<\/p>\n<p>Los comentarios de los visitantes pueden ser controlados por un servicio automatizado de detecci\u00f3n de spam.<\/p>\n<p>DIRECCIONES DE CORREO ELECTR\u00d3NICO<\/p>\n<p>Podemos recoger su direcci\u00f3n de correo electr\u00f3nico, pero s\u00f3lo si usted nos la facilita voluntariamente. Esto puede ocurrir, por ejemplo, si se suscribe para recibir un bolet\u00edn de noticias por correo electr\u00f3nico o participa en una promoci\u00f3n. Utilizaremos su direcci\u00f3n de correo electr\u00f3nico para los fines para los que nos la proporcion\u00f3, y tambi\u00e9n de vez en cuando para enviarle correos electr\u00f3nicos sobre el Sitio u otros productos o servicios que creamos que puedan ser de su inter\u00e9s. Podr\u00e1 darse de baja de estas comunicaciones por correo electr\u00f3nico en cualquier momento haciendo clic en el bot\u00f3n \"Cancelar suscripci\u00f3n\" del correo electr\u00f3nico.<\/p>\n<p>No compartiremos su direcci\u00f3n de correo electr\u00f3nico con terceros.<\/p>\n<p>Si reside en un pa\u00eds del Espacio Econ\u00f3mico Europeo (EEE), consulte la secci\u00f3n \"Derechos adicionales de los residentes en el EEE\".<\/p>\n<p>DATOS DE REGISTRO O DE CUENTA<\/p>\n<p>Podemos recabar otros datos suyos cuando se registre en nuestro Sitio para utilizar diversas funciones. Dicha informaci\u00f3n podr\u00eda incluir su nombre, fecha de nacimiento, c\u00f3digo postal, nombre de usuario y contrase\u00f1a (si procede). A medida que utilice el Sitio, podr\u00edamos recopilar otros datos que nos proporcione voluntariamente (como los comentarios que publique).<\/p>\n<p>Tambi\u00e9n podemos recopilar informaci\u00f3n sobre usted a trav\u00e9s de otros m\u00e9todos, como encuestas de investigaci\u00f3n, plataformas de medios sociales, servicios de verificaci\u00f3n, servicios de datos, as\u00ed como fuentes p\u00fablicas. Podemos combinar estos datos con sus datos de registro para mantener un perfil m\u00e1s completo.<br \/>\nPodemos utilizar su informaci\u00f3n de identificaci\u00f3n personal para diversos fines internos de nuestra empresa, como crear una mejor experiencia de usuario para el Sitio, diagnosticar y solucionar problemas de funcionamiento en el Sitio, comprender mejor c\u00f3mo se utiliza el Sitio y hacerle recomendaciones personalizadas.<\/p>\n<p>Si reside en un pa\u00eds del Espacio Econ\u00f3mico Europeo (EEE), consulte la secci\u00f3n \"Derechos adicionales de los residentes en el EEE\".<\/p>\n<p>ANUNCIOS DE RETARGETING<\/p>\n<p>De vez en cuando, el Sitio puede participar en esfuerzos de remarketing con empresas de terceros, como Google, Facebook o Instagram, con el fin de comercializar el Sitio. Estas empresas utilizan cookies para publicar anuncios basados en las visitas anteriores de una persona al Sitio.<\/p>\n<p>P\u00cdXELES DE SEGUIMIENTO DE CONTENIDO PATROCINADO<\/p>\n<p>Este Sitio puede participar en campa\u00f1as patrocinadas con diversas redes de influencers, marcas y agencias. Todo el contenido patrocinado se divulga debidamente de acuerdo con los requisitos de la FTC. De vez en cuando, estas campa\u00f1as patrocinadas utilizan p\u00edxeles de seguimiento (tambi\u00e9n conocidos como balizas web), que pueden contener cookies para recopilar datos sobre el uso y la audiencia. Esta informaci\u00f3n es recopilada por la empresa patrocinadora para realizar un seguimiento de los resultados de la campa\u00f1a. No se utiliza ninguna informaci\u00f3n personal identificable recopilada por el sitio junto con estos p\u00edxeles de seguimiento.<\/p>\n<p>PARTICIPACI\u00d3N EN EL PROGRAMA DE AFILIADOS<\/p>\n<p>El Sitio puede participar en marketing de afiliaci\u00f3n, lo que se hace incrustando enlaces de seguimiento en el Sitio. Si hace clic en un enlace de una asociaci\u00f3n de afiliados, se colocar\u00e1 una cookie en su navegador para realizar un seguimiento de las ventas a efectos de comisiones.<\/p>\n<p>DECLARACI\u00d3N DE AFILIACI\u00d3N A AMAZON:<\/p>\n<p>El Sitio participa en el Programa de Asociados de Amazon Services LLC, un programa de publicidad de afiliaci\u00f3n dise\u00f1ado para proporcionar un medio para que los sitios ganen comisiones por publicidad mediante anuncios y enlaces a Amazon.com. Como parte de este programa Amazon Associates, el Sitio publicar\u00e1 enlaces personalizados, proporcionados por Amazon, para realizar un seguimiento de las referencias a su sitio web. Este programa utiliza cookies para rastrear las visitas con el fin de asignar comisiones sobre estas ventas.<\/p>\n<p>BOLETINES<\/p>\n<p>En el Sitio, puede suscribirse a nuestro bolet\u00edn de noticias, que puede utilizarse con fines publicitarios. Todos los boletines enviados pueden contener p\u00edxeles de seguimiento. El p\u00edxel est\u00e1 incrustado en los correos electr\u00f3nicos y permite analizar el \u00e9xito de las campa\u00f1as de marketing en l\u00ednea. Gracias a estos p\u00edxeles de seguimiento, podemos ver si usted abre un correo electr\u00f3nico, cu\u00e1ndo lo abre y en qu\u00e9 enlaces del correo hace clic. Adem\u00e1s, esto permite al Sitio adaptar el contenido de futuros boletines a los intereses del usuario. Este comportamiento no se transmitir\u00e1 a terceros.<\/p>\n<p>QU\u00c9 DERECHOS TENEMOS SOBRE SUS DATOS<\/p>\n<p>Si tiene una cuenta en este sitio o ha dejado comentarios, puede solicitar que le enviemos un archivo exportado de los datos personales que tenemos sobre usted, incluidos los que nos haya facilitado. Tambi\u00e9n puede solicitar que borremos cualquier dato personal que tengamos sobre usted. Esto no incluye los datos que estemos obligados a conservar por motivos administrativos, legales o de seguridad.<\/p>\n<p>MEDIA<\/p>\n<p>Si subes im\u00e1genes al sitio web, debes evitar subir im\u00e1genes con datos de localizaci\u00f3n incrustados (EXIF GPS) incluidos. Los visitantes del sitio web pueden descargar y extraer cualquier dato de localizaci\u00f3n de las im\u00e1genes del sitio web.<\/p>\n<p>CONTENIDO INCRUSTADO DE OTROS SITIOS<\/p>\n<p>Los art\u00edculos de este sitio pueden incluir contenido incrustado (por ejemplo, v\u00eddeos, im\u00e1genes, art\u00edculos, etc.). El contenido incrustado de otros sitios web se comporta exactamente igual que si el visitante hubiera visitado el otro sitio web.<\/p>\n<p>Estos sitios web pueden recopilar datos sobre usted, utilizar cookies, incrustar seguimiento adicional de terceros y supervisar su interacci\u00f3n con ese contenido incrustado, incluido el seguimiento de su interacci\u00f3n con el contenido incrustado si tiene una cuenta y ha iniciado sesi\u00f3n en ese sitio web.<\/p>\n<p>DERECHOS ADICIONALES DE LOS RESIDENTES EN EL EEE (ESPACIO ECON\u00d3MICO EUROPEO)<\/p>\n<p>Si reside en un pa\u00eds del EEE, tiene derecho, entre otras cosas, a:<\/p>\n<p>(i) acceder a sus datos personales<\/p>\n<p>(ii) garantizar la exactitud de sus datos personales<\/p>\n<p>(iii) derecho a que suprimamos sus datos personales<\/p>\n<p>(iv) el derecho a restringir el tratamiento ulterior de sus datos personales, y<\/p>\n<p>(v) derecho a reclamar ante una autoridad de control de su pa\u00eds de residencia en caso de uso indebido de los datos<\/p>\n<p>Si cree que nuestro tratamiento de su informaci\u00f3n personal infringe la legislaci\u00f3n sobre protecci\u00f3n de datos, tiene derecho a presentar una reclamaci\u00f3n ante una autoridad supervisora responsable de la protecci\u00f3n de datos. Puede hacerlo en el Estado miembro de la UE de su residencia, su lugar de trabajo o el lugar de la presunta infracci\u00f3n.<\/p>\n<p>Puede ejercer cualquiera de sus derechos en relaci\u00f3n con sus datos personales poni\u00e9ndose en contacto con nosotros en adminmc@lemonfirebrigade.com.<\/p>\n<p>VENTA DE EMPRESAS O ACTIVOS<\/p>\n<p>En caso de que el Sitio o la pr\u00e1ctica totalidad de sus activos se vendan o enajenen como empresa en funcionamiento, ya sea mediante fusi\u00f3n, venta de activos o de otro modo, o en caso de insolvencia, quiebra o administraci\u00f3n judicial, la informaci\u00f3n que hayamos recopilado sobre usted puede ser uno de los activos vendidos o fusionados en relaci\u00f3n con dicha transacci\u00f3n.<\/p>\n<p>CAMBIOS EN LA POL\u00cdTICA DE PRIVACIDAD<\/p>\n<p>Podemos modificar esta Pol\u00edtica de Privacidad de vez en cuando. La versi\u00f3n m\u00e1s reciente de la Pol\u00edtica de Privacidad se publicar\u00e1 siempre en el Sitio, con la \"Fecha de entrada en vigor\" en la parte superior de la Pol\u00edtica. Podemos revisar y actualizar esta Pol\u00edtica de Privacidad si cambian nuestras pr\u00e1cticas, si cambia la tecnolog\u00eda o si a\u00f1adimos nuevos servicios o modificamos los existentes. Si introducimos cambios sustanciales en nuestra Pol\u00edtica de Privacidad o en la forma en que tratamos su informaci\u00f3n personal, o si vamos a utilizar cualquier informaci\u00f3n personal de forma sustancialmente diferente a la establecida en nuestra Pol\u00edtica de Privacidad en el momento en que recopilamos dicha informaci\u00f3n, le daremos una oportunidad razonable de dar su consentimiento al cambio. Si no da su consentimiento, su informaci\u00f3n personal se utilizar\u00e1 seg\u00fan lo acordado en los t\u00e9rminos de la pol\u00edtica de privacidad vigente en el momento en que obtuvimos dicha informaci\u00f3n. Si utiliza nuestro Sitio o nuestros servicios despu\u00e9s de la Fecha de entrada en vigor, se considerar\u00e1 que acepta nuestra pol\u00edtica de privacidad vigente en ese momento. Utilizaremos la informaci\u00f3n obtenida previamente de acuerdo con la pol\u00edtica de privacidad en vigor cuando se obtuvo la informaci\u00f3n de usted.<\/p>\n<p>CONTACTAR CON NOSOTROS<\/p>\n<p>If you have any questions about this Privacy Policy or the practices of this Site, please contact us at &#x61;&#x64;&#109;i&#x6e;&#x6d;&#99;&#64;l&#x65;&#x6d;&#111;n&#x66;&#x69;&#114;&#101;b&#x72;&#x69;&#103;a&#x64;&#x65;&#46;&#99;o&#x6d;<\/p>","protected":false},"excerpt":{"rendered":"<p>Efectiva a partir del 3 de diciembre de 2021 Como propietario de este sitio web (lemonfirebrigade.com, denominado el \"Sitio\"), entiende que su privacidad es de vital importancia. Esta Pol\u00edtica de Privacidad describe qu\u00e9 informaci\u00f3n recopilamos de usted a trav\u00e9s del Sitio y c\u00f3mo utilizamos y divulgamos dicha informaci\u00f3n. USO DE COOKIES Una cookie es un archivo que contiene... <a class=\"more-link\" href=\"https:\/\/lemonfirebrigade.com\/es\/politica-de-privacidad\/\">Seguir leyendo <span class=\"screen-reader-text\">Pol\u00edtica de privacidad<\/span><\/a><\/p>","protected":false},"author":1,"featured_media":0,"parent":0,"menu_order":0,"comment_status":"closed","ping_status":"closed","template":"page-full-width.php","meta":{"_uag_custom_page_level_css":"","wprm-recipe-roundup-name":"","wprm-recipe-roundup-description":"","footnotes":""},"class_list":["post-334","page","type-page","status-publish","hentry","entry"],"uagb_featured_image_src":{"full":false,"thumbnail":false,"medium":false,"medium_large":false,"large":false,"1536x1536":false,"2048x2048":false,"trp-custom-language-flag":false,"wprm-metadata-1_1":false,"wprm-metadata-4_3":false,"wprm-metadata-16_9":false,"post-thumbnail":false},"uagb_author_info":{"display_name":"Michael Reichert","author_link":"https:\/\/lemonfirebrigade.com\/es\/author\/lfb_admin381\/"},"uagb_comment_info":0,"uagb_excerpt":"Effective December 3, 2021 As the owner of this website (lemonfirebrigade.com, referred to as the \u201cSite\u201d), understands that your privacy is of critical importance. This Privacy Policy describes what information we collect from you via the Site and how we use and disclose such information. OUR USE OF COOKIES A cookie is a file containing&hellip;&hellip;","_links":{"self":[{"href":"https:\/\/lemonfirebrigade.com\/es\/wp-json\/wp\/v2\/pages\/334","targetHints":{"allow":["GET"]}}],"collection":[{"href":"https:\/\/lemonfirebrigade.com\/es\/wp-json\/wp\/v2\/pages"}],"about":[{"href":"https:\/\/lemonfirebrigade.com\/es\/wp-json\/wp\/v2\/types\/page"}],"author":[{"embeddable":true,"href":"https:\/\/lemonfirebrigade.com\/es\/wp-json\/wp\/v2\/users\/1"}],"replies":[{"embeddable":true,"href":"https:\/\/lemonfirebrigade.com\/es\/wp-json\/wp\/v2\/comments?post=334"}],"version-history":[{"count":1,"href":"https:\/\/lemonfirebrigade.com\/es\/wp-json\/wp\/v2\/pages\/334\/revisions"}],"predecessor-version":[{"id":335,"href":"https:\/\/lemonfirebrigade.com\/es\/wp-json\/wp\/v2\/pages\/334\/revisions\/335"}],"wp:attachment":[{"href":"https:\/\/lemonfirebrigade.com\/es\/wp-json\/wp\/v2\/media?parent=334"}],"curies":[{"name":"wp","href":"https:\/\/api.w.org\/{rel}","templated":true}]}}