{"id":189,"date":"2021-11-30T14:26:03","date_gmt":"2021-11-30T19:26:03","guid":{"rendered":"https:\/\/lemonfirebrigade.com\/?page_id=189"},"modified":"2023-09-13T19:33:27","modified_gmt":"2023-09-13T23:33:27","slug":"about-me","status":"publish","type":"page","link":"https:\/\/lemonfirebrigade.com\/es\/sobre-mi\/","title":{"rendered":"Sobre m\u00ed"},"content":{"rendered":"<p><img loading=\"lazy\" decoding=\"async\" class=\"aligncenter wp-image-689\" src=\"https:\/\/lemonfirebrigade.com\/wp-content\/uploads\/2023\/09\/Michael-M.-Reichert-1024x920.jpg\" alt=\"Michael M. Reichert\" width=\"400\" height=\"359\" srcset=\"https:\/\/lemonfirebrigade.com\/wp-content\/uploads\/2023\/09\/Michael-M.-Reichert-1024x920.jpg 1024w, https:\/\/lemonfirebrigade.com\/wp-content\/uploads\/2023\/09\/Michael-M.-Reichert-300x269.jpg 300w, https:\/\/lemonfirebrigade.com\/wp-content\/uploads\/2023\/09\/Michael-M.-Reichert-768x690.jpg 768w, https:\/\/lemonfirebrigade.com\/wp-content\/uploads\/2023\/09\/Michael-M.-Reichert-13x12.jpg 13w, https:\/\/lemonfirebrigade.com\/wp-content\/uploads\/2023\/09\/Michael-M.-Reichert.jpg 1481w\" sizes=\"auto, (max-width: 400px) 100vw, 400px\" \/><\/p>\n<p>Hola, soy Michael Reichert, \u00a1y te invito a embarcarte en un viaje culinario conmigo! Soy autor, fot\u00f3grafo, entusiasta de las recetas y la mente creativa de Lemonfirebrigade.com. Acomp\u00e1\u00f1eme a explorar una serie de deliciosas recetas de restaurante y a compartir cautivadoras historias de mis viajes.<\/p>\n<p>Con m\u00e1s de 15 a\u00f1os de experiencia pr\u00e1ctica en el mundo culinario, te traigo un tesoro de recetas probadas, sabidur\u00eda culinaria y secretos de chef para que puedas elaborar platos de calidad de restaurante en la comodidad de tu propia cocina.<\/p>\n<p><strong>QU\u00c9 ESPERAR EN LEMONFIREBRIGADE.COM<\/strong><\/p>\n<p>Mi principal objetivo es revelar que elaborar en casa platos deliciosos al estilo de los de un restaurante es m\u00e1s sencillo de lo que imaginas. Estoy aqu\u00ed para ayudarte a crear obras maestras culinarias en tu cocina sin tener que pasar horas y horas buscando ingredientes dif\u00edciles de encontrar. Despu\u00e9s de todo, entiendo que ninguno de nosotros tiene infinitas horas libres en la cocina, y desde luego no espero que usted las tenga.<\/p>\n<p>Los platos que te guiar\u00e9 para que prepares en la cocina de tu casa no s\u00f3lo te har\u00e1n sonre\u00edr en la mesa, sino que tambi\u00e9n te ayudar\u00e1n a reducir los gastos de las cenas fuera de casa. Para m\u00ed, \u00a1es un doble triunfo culinario!<\/p>\n<p>La mayor ventaja de cocinar en casa es el control que tienes sobre los ingredientes. A diferencia de lo que ocurre en los restaurantes, la comida r\u00e1pida o la comida para llevar, nunca tendr\u00e1s que dudar de los ingredientes de tus platos.<\/p>\n<p><strong>RECETAS ARTESANALES AL ESTILO DE UN RESTAURANTE<\/strong><\/p>\n<p>Todas y cada una de las recetas de mi blog han sido elaboradas meticulosamente por este servidor (a menos que se indique lo contrario), a partir de mi amplia experiencia como chef experimentado. Estas recetas se someten a rigurosas pruebas en mi propia cocina y cuentan con una garant\u00eda de fiabilidad 100%.<\/p>\n<p>Mis recetas son aut\u00e9nticas, tienen sus ra\u00edces en mis d\u00e9cadas de carrera como chef profesional, y me he tomado el tiempo necesario para adaptarlas a las cocinas dom\u00e9sticas. Pero cr\u00e9eme, no es ciencia espacial; el arte de la cocina creativa, como el de los chefs, se reduce a dominar t\u00e9cnicas sencillas y seleccionar los ingredientes adecuados.<\/p>\n<p>Actualmente trabajo desde la comodidad de mi casa, y con mi ajetreada agenda, comprendo el valor del tiempo. Tampoco espero que dediques horas a cocinar. La mayor\u00eda de mis recetas para la cena se pueden preparar en 30 minutos o menos.<\/p>\n<p>No te pierdas ni una sola receta deliciosa. Suscr\u00edbase hoy mismo para recibir una selecci\u00f3n de las recetas favoritas de mi familia y delicias con calidad de restaurante f\u00e1ciles de preparar.<\/p>\n<p>\u00a1Seguidme!<\/p>\n<p><a href=\"https:\/\/www.facebook.com\/lemonfirebrigadedotcom\" target=\"_blank\" rel=\"noopener\">Facebook<\/a><\/p>\n<p><a href=\"http:\/\/www.linkedin.com\/in\/michaelmreichert\" target=\"_blank\" rel=\"noopener\">Linkedin<\/a><\/p>\n<p><a href=\"https:\/\/twitter.com\/mreichertblog\" target=\"_blank\" rel=\"noopener\">Twitter<\/a><\/p>\n<p><a href=\"https:\/\/www.pinterest.com\/lemonfirebrigaderecipes\/\" target=\"_blank\" rel=\"noopener\">Pinterest<\/a><\/p>","protected":false},"excerpt":{"rendered":"<p>Hola, soy Michael Reichert, \u00a1y te invito a embarcarte en un viaje culinario conmigo! Soy autor, fot\u00f3grafo, entusiasta de las recetas y la mente creativa de Lemonfirebrigade.com. Acomp\u00e1\u00f1eme mientras exploramos una serie de deliciosas recetas de restaurante y compartimos cautivadoras historias de mis viajes. Con m\u00e1s de 15 a\u00f1os de experiencia pr\u00e1ctica en... <a class=\"more-link\" href=\"https:\/\/lemonfirebrigade.com\/es\/sobre-mi\/\">Seguir leyendo <span class=\"screen-reader-text\">Sobre m\u00ed<\/span><\/a><\/p>","protected":false},"author":1,"featured_media":0,"parent":0,"menu_order":0,"comment_status":"closed","ping_status":"closed","template":"","meta":{"_uag_custom_page_level_css":"","wprm-recipe-roundup-name":"","wprm-recipe-roundup-description":"","footnotes":""},"class_list":["post-189","page","type-page","status-publish","hentry","entry"],"uagb_featured_image_src":{"full":false,"thumbnail":false,"medium":false,"medium_large":false,"large":false,"1536x1536":false,"2048x2048":false,"trp-custom-language-flag":false,"wprm-metadata-1_1":false,"wprm-metadata-4_3":false,"wprm-metadata-16_9":false,"post-thumbnail":false},"uagb_author_info":{"display_name":"Michael Reichert","author_link":"https:\/\/lemonfirebrigade.com\/es\/author\/lfb_admin381\/"},"uagb_comment_info":0,"uagb_excerpt":"Hello, I&#8217;m Michael Reichert, and I invite you to embark on a culinary journey with me! I am the author, photographer, recipe enthusiast, and the creative mind behind Lemonfirebrigade.com. Join me as we explore an array of delectable restaurant-style recipes and share captivating tales of my travels. With over 15 years of hands-on experience in&hellip;&hellip;","_links":{"self":[{"href":"https:\/\/lemonfirebrigade.com\/es\/wp-json\/wp\/v2\/pages\/189","targetHints":{"allow":["GET"]}}],"collection":[{"href":"https:\/\/lemonfirebrigade.com\/es\/wp-json\/wp\/v2\/pages"}],"about":[{"href":"https:\/\/lemonfirebrigade.com\/es\/wp-json\/wp\/v2\/types\/page"}],"author":[{"embeddable":true,"href":"https:\/\/lemonfirebrigade.com\/es\/wp-json\/wp\/v2\/users\/1"}],"replies":[{"embeddable":true,"href":"https:\/\/lemonfirebrigade.com\/es\/wp-json\/wp\/v2\/comments?post=189"}],"version-history":[{"count":4,"href":"https:\/\/lemonfirebrigade.com\/es\/wp-json\/wp\/v2\/pages\/189\/revisions"}],"predecessor-version":[{"id":705,"href":"https:\/\/lemonfirebrigade.com\/es\/wp-json\/wp\/v2\/pages\/189\/revisions\/705"}],"wp:attachment":[{"href":"https:\/\/lemonfirebrigade.com\/es\/wp-json\/wp\/v2\/media?parent=189"}],"curies":[{"name":"wp","href":"https:\/\/api.w.org\/{rel}","templated":true}]}}