{"id":632,"date":"2023-09-07T20:10:21","date_gmt":"2023-09-08T00:10:21","guid":{"rendered":"https:\/\/lemonfirebrigade.com\/?page_id=632"},"modified":"2023-09-13T17:09:03","modified_gmt":"2023-09-13T21:09:03","slug":"632-2","status":"publish","type":"page","link":"https:\/\/lemonfirebrigade.com\/de\/","title":{"rendered":"Ohne Titel"},"content":{"rendered":"<div class=\"wp-block-group alignfull\"><div class=\"wp-block-group__inner-container is-layout-flow wp-block-group-is-layout-flow\"><ul class=\"wp-block-latest-posts__list is-grid columns-2 alignwide tw-mt-8 is-style-tw-posts-card tw-img-ratio-3-2 tw-heading-size-medium tw-stretched-link wp-block-latest-posts\"><li><div class=\"wp-block-latest-posts__featured-image\"><img loading=\"lazy\" decoding=\"async\" width=\"728\" height=\"728\" src=\"https:\/\/lemonfirebrigade.com\/wp-content\/uploads\/2023\/08\/easy-lasagna-recipe-with-cottage-cheese.jpg\" class=\"attachment-large size-large wp-post-image\" alt=\"einfaches Lasagne-Rezept mit H\u00fcttenk\u00e4se\" style=\"width:100%;height:100%;max-width:1024px;\" srcset=\"https:\/\/lemonfirebrigade.com\/wp-content\/uploads\/2023\/08\/easy-lasagna-recipe-with-cottage-cheese.jpg 1024w, https:\/\/lemonfirebrigade.com\/wp-content\/uploads\/2023\/08\/easy-lasagna-recipe-with-cottage-cheese-150x150.jpg 150w, https:\/\/lemonfirebrigade.com\/wp-content\/uploads\/2023\/08\/easy-lasagna-recipe-with-cottage-cheese-300x300.jpg 300w, https:\/\/lemonfirebrigade.com\/wp-content\/uploads\/2023\/08\/easy-lasagna-recipe-with-cottage-cheese-768x768.jpg 768w, https:\/\/lemonfirebrigade.com\/wp-content\/uploads\/2023\/08\/easy-lasagna-recipe-with-cottage-cheese-12x12.jpg 12w, https:\/\/lemonfirebrigade.com\/wp-content\/uploads\/2023\/08\/easy-lasagna-recipe-with-cottage-cheese-500x500.jpg 500w\" sizes=\"auto, (min-width: 1280px) 580px, (min-width: 822px) calc(50vw - 80px), (min-width: 652px) calc(50vw - 52px), (min-width: 482px) calc(100vw - 80px), calc(100vw - 40px)\" \/><\/div><a class=\"wp-block-latest-posts__post-title\" href=\"https:\/\/lemonfirebrigade.com\/de\/einfaches-lasagna-rezept-mit-kase\/\">Einfaches Lasagne-Rezept mit H\u00fcttenk\u00e4se<\/a><div class=\"wp-block-latest-posts__post-excerpt\">Hallo, liebe Food-Enthusiasten und K\u00fcchen-Eroberer! Heute tauche ich in ein Thema ein, das so befriedigend ist wie ein Lachen aus dem Bauch heraus... <a class=\"more-link\" href=\"https:\/\/lemonfirebrigade.com\/de\/einfaches-lasagna-rezept-mit-kase\/\"><span class=\"screen-reader-text\">Einfaches Lasagne-Rezept mit H\u00fcttenk\u00e4se<\/span> weiterlesen<\/a><\/div><\/li>\n<li><div class=\"wp-block-latest-posts__featured-image\"><img loading=\"lazy\" decoding=\"async\" width=\"728\" height=\"728\" src=\"https:\/\/lemonfirebrigade.com\/wp-content\/uploads\/2023\/07\/crockpot-sausage-gravy.jpg\" class=\"attachment-large size-large wp-post-image\" alt=\"Wurstsauce aus dem Kochtopf\" style=\"width:100%;height:100%;max-width:1024px;\" srcset=\"https:\/\/lemonfirebrigade.com\/wp-content\/uploads\/2023\/07\/crockpot-sausage-gravy.jpg 1024w, https:\/\/lemonfirebrigade.com\/wp-content\/uploads\/2023\/07\/crockpot-sausage-gravy-150x150.jpg 150w, https:\/\/lemonfirebrigade.com\/wp-content\/uploads\/2023\/07\/crockpot-sausage-gravy-300x300.jpg 300w, https:\/\/lemonfirebrigade.com\/wp-content\/uploads\/2023\/07\/crockpot-sausage-gravy-768x768.jpg 768w, https:\/\/lemonfirebrigade.com\/wp-content\/uploads\/2023\/07\/crockpot-sausage-gravy-12x12.jpg 12w, https:\/\/lemonfirebrigade.com\/wp-content\/uploads\/2023\/07\/crockpot-sausage-gravy-500x500.jpg 500w\" sizes=\"auto, (min-width: 1280px) 580px, (min-width: 822px) calc(50vw - 80px), (min-width: 652px) calc(50vw - 52px), (min-width: 482px) calc(100vw - 80px), calc(100vw - 40px)\" \/><\/div><a class=\"wp-block-latest-posts__post-title\" href=\"https:\/\/lemonfirebrigade.com\/de\/crockpot-sauerkraut-sose\/\">Crockpot-W\u00fcrstchenso\u00dfe<\/a><div class=\"wp-block-latest-posts__post-excerpt\">Hallo, ihr alle! Heute werden wir uns mit einem klassischen S\u00fcdstaaten-Gericht st\u00e4rken: Crockpot Sausage Gravy! Mmm,... <a class=\"more-link\" href=\"https:\/\/lemonfirebrigade.com\/de\/crockpot-sauerkraut-sose\/\"><span class=\"screen-reader-text\">Crockpot-W\u00fcrstchenso\u00dfe<\/span> weiterlesen<\/a><\/div><\/li>\n<\/ul>\n\n\n<div class=\"wp-block-uagb-container uagb-block-3a6df244 alignfull uagb-is-root-container\"><div class=\"uagb-container-inner-blocks-wrap\"><\/div><\/div>\n\n\n\n<div class=\"wp-block-group alignfull\"><div class=\"wp-block-group__inner-container is-layout-flow wp-block-group-is-layout-flow\">\n<h2 class=\"wp-block-heading has-text-align-center\">Neueste Beitr\u00e4ge<\/h2>\n\n\n<ul class=\"wp-block-latest-posts__list is-grid columns-3 alignwide tw-mt-8 is-style-tw-posts-card tw-img-ratio-3-2 tw-heading-size-medium tw-stretched-link wp-block-latest-posts\"><li><div class=\"wp-block-latest-posts__featured-image\"><img loading=\"lazy\" decoding=\"async\" width=\"728\" height=\"486\" src=\"https:\/\/lemonfirebrigade.com\/wp-content\/uploads\/2023\/09\/chicken-and-cabbage-soup-1024x683.jpg\" class=\"attachment-large size-large wp-post-image\" alt=\"H\u00fchner- und Krautsuppe\" style=\"width:100%;height:66.67%;max-width:1344px;\" srcset=\"https:\/\/lemonfirebrigade.com\/wp-content\/uploads\/2023\/09\/chicken-and-cabbage-soup-1024x683.jpg 1024w, https:\/\/lemonfirebrigade.com\/wp-content\/uploads\/2023\/09\/chicken-and-cabbage-soup-300x200.jpg 300w, https:\/\/lemonfirebrigade.com\/wp-content\/uploads\/2023\/09\/chicken-and-cabbage-soup-768x512.jpg 768w, https:\/\/lemonfirebrigade.com\/wp-content\/uploads\/2023\/09\/chicken-and-cabbage-soup-18x12.jpg 18w, https:\/\/lemonfirebrigade.com\/wp-content\/uploads\/2023\/09\/chicken-and-cabbage-soup.jpg 1344w\" sizes=\"auto, (min-width: 1280px) 373px, (min-width: 1024px) calc(33.33vw - 66px), (min-width: 822px) calc(50vw - 80px), (min-width: 652px) calc(50vw - 52px), (min-width: 482px) calc(100vw - 80px), calc(100vw - 40px)\" \/><\/div><a class=\"wp-block-latest-posts__post-title\" href=\"https:\/\/lemonfirebrigade.com\/de\/huhner-und-krautsuppe\/\">Huhn und Kohlsuppe<\/a><div class=\"wp-block-latest-posts__post-excerpt\">Heute nehme ich Sie mit auf eine geschmackvolle Reise in die Welt der H\u00fchner- und Krautsuppe. Vertrauen Sie mir;... <a class=\"more-link\" href=\"https:\/\/lemonfirebrigade.com\/de\/huhner-und-krautsuppe\/\"><span class=\"screen-reader-text\">Huhn und Kohlsuppe<\/span> weiterlesen<\/a><\/div><\/li>\n<li><div class=\"wp-block-latest-posts__featured-image\"><img loading=\"lazy\" decoding=\"async\" width=\"728\" height=\"486\" src=\"https:\/\/lemonfirebrigade.com\/wp-content\/uploads\/2023\/09\/double-chocolate-chip-cookies-bars-1024x683.jpg\" class=\"attachment-large size-large wp-post-image\" alt=\"Doppel-Schokoladenchip-Keksriegel\" style=\"width:100%;height:66.67%;max-width:1344px;\" srcset=\"https:\/\/lemonfirebrigade.com\/wp-content\/uploads\/2023\/09\/double-chocolate-chip-cookies-bars-1024x683.jpg 1024w, https:\/\/lemonfirebrigade.com\/wp-content\/uploads\/2023\/09\/double-chocolate-chip-cookies-bars-300x200.jpg 300w, https:\/\/lemonfirebrigade.com\/wp-content\/uploads\/2023\/09\/double-chocolate-chip-cookies-bars-768x512.jpg 768w, https:\/\/lemonfirebrigade.com\/wp-content\/uploads\/2023\/09\/double-chocolate-chip-cookies-bars-18x12.jpg 18w, https:\/\/lemonfirebrigade.com\/wp-content\/uploads\/2023\/09\/double-chocolate-chip-cookies-bars.jpg 1344w\" sizes=\"auto, (min-width: 1280px) 373px, (min-width: 1024px) calc(33.33vw - 66px), (min-width: 822px) calc(50vw - 80px), (min-width: 652px) calc(50vw - 52px), (min-width: 482px) calc(100vw - 80px), calc(100vw - 40px)\" \/><\/div><a class=\"wp-block-latest-posts__post-title\" href=\"https:\/\/lemonfirebrigade.com\/de\/doppel-schokoladenchip-keksriegel\/\">Double Chocolate Chip Cookie Bars<\/a><div class=\"wp-block-latest-posts__post-excerpt\">Heute tauche ich kopf\u00fcber in die k\u00f6stliche Welt der doppelten Schokoladenchip-Kekse ein. Ich meine, wer kann schon widerstehen, wenn... <a class=\"more-link\" href=\"https:\/\/lemonfirebrigade.com\/de\/doppel-schokoladenchip-keksriegel\/\"><span class=\"screen-reader-text\">Double Chocolate Chip Cookie Bars<\/span> weiterlesen<\/a><\/div><\/li>\n<li><div class=\"wp-block-latest-posts__featured-image\"><img loading=\"lazy\" decoding=\"async\" width=\"728\" height=\"486\" src=\"https:\/\/lemonfirebrigade.com\/wp-content\/uploads\/2023\/09\/banana-bread-with-cinnamon-swirl-1024x683.jpg\" class=\"attachment-large size-large wp-post-image\" alt=\"Bananenbrot mit Zimtstrudel\" style=\"width:100%;height:66.67%;max-width:1344px;\" srcset=\"https:\/\/lemonfirebrigade.com\/wp-content\/uploads\/2023\/09\/banana-bread-with-cinnamon-swirl-1024x683.jpg 1024w, https:\/\/lemonfirebrigade.com\/wp-content\/uploads\/2023\/09\/banana-bread-with-cinnamon-swirl-300x200.jpg 300w, https:\/\/lemonfirebrigade.com\/wp-content\/uploads\/2023\/09\/banana-bread-with-cinnamon-swirl-768x512.jpg 768w, https:\/\/lemonfirebrigade.com\/wp-content\/uploads\/2023\/09\/banana-bread-with-cinnamon-swirl-18x12.jpg 18w, https:\/\/lemonfirebrigade.com\/wp-content\/uploads\/2023\/09\/banana-bread-with-cinnamon-swirl.jpg 1344w\" sizes=\"auto, (min-width: 1280px) 373px, (min-width: 1024px) calc(33.33vw - 66px), (min-width: 822px) calc(50vw - 80px), (min-width: 652px) calc(50vw - 52px), (min-width: 482px) calc(100vw - 80px), calc(100vw - 40px)\" \/><\/div><a class=\"wp-block-latest-posts__post-title\" href=\"https:\/\/lemonfirebrigade.com\/de\/bananenbrot-mit-zimtstrudel\/\">Bananenbrot mit Zimtstr\u00e4u\u00dfchen<\/a><div class=\"wp-block-latest-posts__post-excerpt\">Heute tauche ich kopf\u00fcber in die Welt des Backens ein, und es geht um einen Klassiker: Bananenbrot. Aber halt... <a class=\"more-link\" href=\"https:\/\/lemonfirebrigade.com\/de\/bananenbrot-mit-zimtstrudel\/\"><span class=\"screen-reader-text\">Bananenbrot mit Zimtstr\u00e4u\u00dfchen<\/span> weiterlesen<\/a><\/div><\/li>\n<li><div class=\"wp-block-latest-posts__featured-image\"><img loading=\"lazy\" decoding=\"async\" width=\"728\" height=\"486\" src=\"https:\/\/lemonfirebrigade.com\/wp-content\/uploads\/2023\/09\/spanish-style-beef-soup-1024x683.jpg\" class=\"attachment-large size-large wp-post-image\" alt=\"Rindfleischsuppe nach spanischer Art\" style=\"width:100%;height:66.67%;max-width:1344px;\" srcset=\"https:\/\/lemonfirebrigade.com\/wp-content\/uploads\/2023\/09\/spanish-style-beef-soup-1024x683.jpg 1024w, https:\/\/lemonfirebrigade.com\/wp-content\/uploads\/2023\/09\/spanish-style-beef-soup-300x200.jpg 300w, https:\/\/lemonfirebrigade.com\/wp-content\/uploads\/2023\/09\/spanish-style-beef-soup-768x512.jpg 768w, https:\/\/lemonfirebrigade.com\/wp-content\/uploads\/2023\/09\/spanish-style-beef-soup-18x12.jpg 18w, https:\/\/lemonfirebrigade.com\/wp-content\/uploads\/2023\/09\/spanish-style-beef-soup.jpg 1344w\" sizes=\"auto, (min-width: 1280px) 373px, (min-width: 1024px) calc(33.33vw - 66px), (min-width: 822px) calc(50vw - 80px), (min-width: 652px) calc(50vw - 52px), (min-width: 482px) calc(100vw - 80px), calc(100vw - 40px)\" \/><\/div><a class=\"wp-block-latest-posts__post-title\" href=\"https:\/\/lemonfirebrigade.com\/de\/rindfleischsuppe-nach-spanischer-art-caldo-de-res\/\">Rindfleischsuppe nach spanischer Art (Caldo De Res)<\/a><div class=\"wp-block-latest-posts__post-excerpt\">Hallo, Leute! Heute habe ich einen leckeren Leckerbissen, der eure Geschmacksknospen kitzeln wird - Spanish Style Beef Soup, auch bekannt als... <a class=\"more-link\" href=\"https:\/\/lemonfirebrigade.com\/de\/rindfleischsuppe-nach-spanischer-art-caldo-de-res\/\"><span class=\"screen-reader-text\">Rindfleischsuppe nach spanischer Art (Caldo De Res)<\/span> weiterlesen<\/a><\/div><\/li>\n<li><div class=\"wp-block-latest-posts__featured-image\"><img loading=\"lazy\" decoding=\"async\" width=\"728\" height=\"486\" src=\"https:\/\/lemonfirebrigade.com\/wp-content\/uploads\/2023\/09\/ground-taco-meat-recipe-1024x683.jpg\" class=\"attachment-large size-large wp-post-image\" alt=\"Rezept f\u00fcr Taco-Hackfleisch\" style=\"width:100%;height:66.67%;max-width:1344px;\" srcset=\"https:\/\/lemonfirebrigade.com\/wp-content\/uploads\/2023\/09\/ground-taco-meat-recipe-1024x683.jpg 1024w, https:\/\/lemonfirebrigade.com\/wp-content\/uploads\/2023\/09\/ground-taco-meat-recipe-300x200.jpg 300w, https:\/\/lemonfirebrigade.com\/wp-content\/uploads\/2023\/09\/ground-taco-meat-recipe-768x512.jpg 768w, https:\/\/lemonfirebrigade.com\/wp-content\/uploads\/2023\/09\/ground-taco-meat-recipe-18x12.jpg 18w, https:\/\/lemonfirebrigade.com\/wp-content\/uploads\/2023\/09\/ground-taco-meat-recipe.jpg 1344w\" sizes=\"auto, (min-width: 1280px) 373px, (min-width: 1024px) calc(33.33vw - 66px), (min-width: 822px) calc(50vw - 80px), (min-width: 652px) calc(50vw - 52px), (min-width: 482px) calc(100vw - 80px), calc(100vw - 40px)\" \/><\/div><a class=\"wp-block-latest-posts__post-title\" href=\"https:\/\/lemonfirebrigade.com\/de\/rezept-fur-taco-hackfleisch\/\">Rezept f\u00fcr gemahlenes Taco-Fleisch<\/a><div class=\"wp-block-latest-posts__post-excerpt\">Heute tauche ich ein in die Welt der K\u00f6stlichkeiten mit einem Rezept f\u00fcr gemahlenes Taco-Fleisch, das Ihre Geschmacksknospen... <a class=\"more-link\" href=\"https:\/\/lemonfirebrigade.com\/de\/rezept-fur-taco-hackfleisch\/\"><span class=\"screen-reader-text\">Rezept f\u00fcr gemahlenes Taco-Fleisch<\/span> weiterlesen<\/a><\/div><\/li>\n<li><div class=\"wp-block-latest-posts__featured-image\"><img loading=\"lazy\" decoding=\"async\" width=\"728\" height=\"486\" src=\"https:\/\/lemonfirebrigade.com\/wp-content\/uploads\/2023\/09\/brown-butter-maple-chocolate-chip-cookies-1024x683.jpg\" class=\"attachment-large size-large wp-post-image\" alt=\"braune Butter-Ahorn-Schokoladenpl\u00e4tzchen\" style=\"width:100%;height:66.67%;max-width:1344px;\" srcset=\"https:\/\/lemonfirebrigade.com\/wp-content\/uploads\/2023\/09\/brown-butter-maple-chocolate-chip-cookies-1024x683.jpg 1024w, https:\/\/lemonfirebrigade.com\/wp-content\/uploads\/2023\/09\/brown-butter-maple-chocolate-chip-cookies-300x200.jpg 300w, https:\/\/lemonfirebrigade.com\/wp-content\/uploads\/2023\/09\/brown-butter-maple-chocolate-chip-cookies-768x512.jpg 768w, https:\/\/lemonfirebrigade.com\/wp-content\/uploads\/2023\/09\/brown-butter-maple-chocolate-chip-cookies-18x12.jpg 18w, https:\/\/lemonfirebrigade.com\/wp-content\/uploads\/2023\/09\/brown-butter-maple-chocolate-chip-cookies.jpg 1344w\" sizes=\"auto, (min-width: 1280px) 373px, (min-width: 1024px) calc(33.33vw - 66px), (min-width: 822px) calc(50vw - 80px), (min-width: 652px) calc(50vw - 52px), (min-width: 482px) calc(100vw - 80px), calc(100vw - 40px)\" \/><\/div><a class=\"wp-block-latest-posts__post-title\" href=\"https:\/\/lemonfirebrigade.com\/de\/braune-butter-ahorn-schokoladenplatzchen\/\">Braune Butter-Ahorn-Schoko-Chip-Kekse<\/a><div class=\"wp-block-latest-posts__post-excerpt\">Sind Sie bereit f\u00fcr die dekadentesten, k\u00f6stlichsten Kekse, die Ihnen je \u00fcber die Lippen gekommen sind? Mach dich bereit f\u00fcr eine Geschmacksexplosion... <a class=\"more-link\" href=\"https:\/\/lemonfirebrigade.com\/de\/braune-butter-ahorn-schokoladenplatzchen\/\"><span class=\"screen-reader-text\">Braune Butter-Ahorn-Schoko-Chip-Kekse<\/span> weiterlesen<\/a><\/div><\/li>\n<\/ul><\/div><\/div>\n<\/div><\/div>","protected":false},"excerpt":{"rendered":"<p>Neueste Beitr\u00e4ge<\/p>","protected":false},"author":1,"featured_media":0,"parent":0,"menu_order":0,"comment_status":"closed","ping_status":"closed","template":"","meta":{"_uag_custom_page_level_css":"","wprm-recipe-roundup-name":"","wprm-recipe-roundup-description":"","footnotes":""},"class_list":["post-632","page","type-page","status-publish","hentry","entry"],"uagb_featured_image_src":{"full":false,"thumbnail":false,"medium":false,"medium_large":false,"large":false,"1536x1536":false,"2048x2048":false,"trp-custom-language-flag":false,"wprm-metadata-1_1":false,"wprm-metadata-4_3":false,"wprm-metadata-16_9":false,"post-thumbnail":false},"uagb_author_info":{"display_name":"Michael Reichert","author_link":"https:\/\/lemonfirebrigade.com\/de\/author\/lfb_admin381\/"},"uagb_comment_info":0,"uagb_excerpt":"Latest posts","_links":{"self":[{"href":"https:\/\/lemonfirebrigade.com\/de\/wp-json\/wp\/v2\/pages\/632","targetHints":{"allow":["GET"]}}],"collection":[{"href":"https:\/\/lemonfirebrigade.com\/de\/wp-json\/wp\/v2\/pages"}],"about":[{"href":"https:\/\/lemonfirebrigade.com\/de\/wp-json\/wp\/v2\/types\/page"}],"author":[{"embeddable":true,"href":"https:\/\/lemonfirebrigade.com\/de\/wp-json\/wp\/v2\/users\/1"}],"replies":[{"embeddable":true,"href":"https:\/\/lemonfirebrigade.com\/de\/wp-json\/wp\/v2\/comments?post=632"}],"version-history":[{"count":7,"href":"https:\/\/lemonfirebrigade.com\/de\/wp-json\/wp\/v2\/pages\/632\/revisions"}],"predecessor-version":[{"id":703,"href":"https:\/\/lemonfirebrigade.com\/de\/wp-json\/wp\/v2\/pages\/632\/revisions\/703"}],"wp:attachment":[{"href":"https:\/\/lemonfirebrigade.com\/de\/wp-json\/wp\/v2\/media?parent=632"}],"curies":[{"name":"wp","href":"https:\/\/api.w.org\/{rel}","templated":true}]}}