{"id":334,"date":"2021-12-03T16:07:11","date_gmt":"2021-12-03T21:07:11","guid":{"rendered":"https:\/\/lemonfirebrigade.com\/?page_id=334"},"modified":"2021-12-03T16:16:43","modified_gmt":"2021-12-03T21:16:43","slug":"privacy-policy","status":"publish","type":"page","link":"https:\/\/lemonfirebrigade.com\/de\/datenschutzbestimmungen\/","title":{"rendered":"Datenschutzbestimmungen"},"content":{"rendered":"<p>G\u00fcltig ab 3. Dezember 2021<\/p>\n<p>Als Eigent\u00fcmer dieser Website (lemonfirebrigade.com, im Folgenden als \"Site\" bezeichnet), wissen wir, dass Ihre Privatsph\u00e4re von entscheidender Bedeutung ist. Diese Datenschutzrichtlinie beschreibt, welche Informationen wir von Ihnen \u00fcber die Website sammeln und wie wir diese Informationen verwenden und weitergeben.<\/p>\n<p>UNSERE VERWENDUNG VON COOKIES<\/p>\n<p>Ein Cookie ist eine Datei, die eine Kennung (eine Zeichenfolge aus Buchstaben und Zahlen) enth\u00e4lt, die von einem Webserver an einen Webbrowser gesendet und vom Browser gespeichert wird. Die Kennung wird dann jedes Mal an den Server zur\u00fcckgeschickt, wenn der Browser eine Seite vom Server anfordert. Bei Cookies kann es sich entweder um \"dauerhafte\" Cookies oder um \"Sitzungscookies\" handeln: Ein dauerhafter Cookie wird von einem Webbrowser gespeichert und bleibt bis zu seinem festgelegten Ablaufdatum g\u00fcltig, es sei denn, er wird vom Benutzer vor dem Ablaufdatum gel\u00f6scht; ein Sitzungscookie hingegen l\u00e4uft am Ende der Benutzersitzung ab, wenn der Webbrowser geschlossen wird. Cookies enthalten in der Regel keine Informationen, die einen Nutzer pers\u00f6nlich identifizieren, aber pers\u00f6nliche Informationen, die wir \u00fcber Sie speichern, k\u00f6nnen mit den in Cookies gespeicherten und aus ihnen gewonnenen Informationen verkn\u00fcpft werden.<\/p>\n<p>Wir verwenden Cookies f\u00fcr die folgenden Zwecke:<\/p>\n<p>(a) Authentifizierung: Wir verwenden Cookies, um Sie zu identifizieren, wenn Sie unsere Website besuchen und wenn Sie auf unserer Website navigieren;<\/p>\n<p>(b) E-Mail: Wir verwenden Cookies, um relevante E-Mails an Benutzer zu senden, die sich in unsere E-Mail-Liste eingetragen haben;<\/p>\n<p>(c) Sicherheit: Wir verwenden Cookies als Teil der Sicherheitsma\u00dfnahmen zum Schutz von Benutzerkonten, einschlie\u00dflich der Verhinderung der betr\u00fcgerischen Verwendung von Anmeldedaten, und zum Schutz unserer Website und Dienste im Allgemeinen;<\/p>\n<p>(d) Werbung: Wir verwenden Cookies, um Werbung anzuzeigen, die f\u00fcr Sie relevant ist; und<\/p>\n<p>(e) Analyse: Wir verwenden Cookies, um die Nutzung und Leistung unserer Website und Dienste zu analysieren;<\/p>\n<p>Wir verwenden Google Analytics, um die Nutzung unserer Website zu analysieren. Google Analytics sammelt mit Hilfe von Cookies Informationen \u00fcber die Nutzung der Website. Die gesammelten Informationen in Bezug auf unsere Website werden verwendet, um Berichte \u00fcber die Nutzung unserer Website zu erstellen.<\/p>\n<p>Die Datenschutzbestimmungen von Google finden Sie unter: https:\/\/www.google.com\/policies\/privacy\/<\/p>\n<p>Bei den meisten Browsern k\u00f6nnen Sie die Annahme von Cookies verweigern und Cookies l\u00f6schen. Die Methoden daf\u00fcr variieren von Browser zu Browser und von Version zu Version. Sie k\u00f6nnen jedoch \u00fcber diese Links aktuelle Informationen \u00fcber das Blockieren und L\u00f6schen von Cookies erhalten:<\/p>\n<p>(a) https:\/\/support.google.com\/chrome\/answer\/95647?hl=en (Chrom);<\/p>\n<p>(b) https:\/\/support.mozilla.org\/en-US\/kb\/enable-and-disable-cookies-website-preferences (Firefox);<\/p>\n<p>(c) http:\/\/www.opera.com\/help\/tutorials\/security\/cookies\/ (Opera);<\/p>\n<p>(d) https:\/\/support.microsoft.com\/en-gb\/help\/17442\/windows-internet-explorer-delete-manage-cookies (Internet Explorer);<\/p>\n<p>(e) https:\/\/support.apple.com\/kb\/PH21411 (Safari); und<\/p>\n<p>(f) https:\/\/privacy.microsoft.com\/en-us\/windows-10-microsoft-edge-and-privacy(Edge).<\/p>\n<p>Bitte beachten Sie, dass das Blockieren von Cookies negative Auswirkungen auf die Funktionen vieler Websites, einschlie\u00dflich unserer Website, haben kann. Einige Funktionen der Website stehen Ihnen dann m\u00f6glicherweise nicht mehr zur Verf\u00fcgung.<\/p>\n<p>KOMMENTARE<\/p>\n<p>Wenn Sie einen Kommentar auf unserer Website hinterlassen, k\u00f6nnen Sie sich daf\u00fcr entscheiden, Ihren Namen, Ihre E-Mail-Adresse und Ihre Website in Cookies zu speichern. Dies dient Ihrer Bequemlichkeit, damit Sie Ihre Daten nicht erneut eingeben m\u00fcssen, wenn Sie einen weiteren Kommentar hinterlassen. Diese Cookies sind ein Jahr lang g\u00fcltig.<\/p>\n<p>Wenn Sie ein Konto haben und sich auf dieser Website anmelden, setzen wir ein tempor\u00e4res Cookie, um festzustellen, ob Ihr Browser Cookies zul\u00e4sst. Dieses Cookie enth\u00e4lt keine pers\u00f6nlichen Daten und wird gel\u00f6scht, wenn Sie Ihren Browser schlie\u00dfen.<\/p>\n<p>Wenn Sie sich anmelden, legen wir au\u00dferdem mehrere Cookies an, um Ihre Anmeldeinformationen und die von Ihnen gew\u00e4hlten Bildschirmoptionen zu speichern. Die Anmelde-Cookies bleiben zwei Tage lang gespeichert, die Cookies f\u00fcr die Bildschirmoptionen ein Jahr lang. Wenn Sie \"Remember Me\" w\u00e4hlen, bleibt Ihr Login zwei Wochen lang erhalten. Wenn Sie sich von Ihrem Konto abmelden, werden die Anmelde-Cookies entfernt.<\/p>\n<p>Wenn Sie einen Artikel bearbeiten oder ver\u00f6ffentlichen, wird ein zus\u00e4tzliches Cookie in Ihrem Browser gespeichert. Dieses Cookie enth\u00e4lt keine pers\u00f6nlichen Daten und zeigt lediglich die Post-ID des Artikels an, den Sie gerade bearbeitet haben. Er verf\u00e4llt nach 1 Tag.<\/p>\n<p>Wenn Besucher Kommentare auf der Website hinterlassen, erfassen wir die im Kommentarformular angezeigten Daten sowie die IP-Adresse und den User-Agent-String des Browsers des Besuchers, um die Spam-Erkennung zu erleichtern.<\/p>\n<p>Eine anonymisierte Zeichenfolge, die aus Ihrer E-Mail-Adresse erstellt wird (auch Hash genannt), kann dem Gravatar-Dienst zur Verf\u00fcgung gestellt werden, um zu sehen, ob Sie ihn benutzen. Die Datenschutzrichtlinien des Gravatar-Dienstes finden Sie hier: https:\/\/automattic.com\/privacy\/. Nach der Freigabe Ihres Kommentars ist Ihr Profilbild im Zusammenhang mit Ihrem Kommentar \u00f6ffentlich sichtbar.<\/p>\n<p>Die Kommentare der Besucher k\u00f6nnen durch einen automatischen Spam-Erkennungsdienst \u00fcberpr\u00fcft werden.<\/p>\n<p>E-MAIL-ADRESSEN<\/p>\n<p>Wir k\u00f6nnen Ihre E-Mail-Adresse erfassen, aber nur, wenn Sie sie uns freiwillig zur Verf\u00fcgung stellen. Dies kann z. B. der Fall sein, wenn Sie sich f\u00fcr einen E-Mail-Newsletter anmelden oder an einer Werbeaktion teilnehmen. Wir verwenden Ihre E-Mail-Adresse f\u00fcr die Zwecke, f\u00fcr die Sie sie uns zur Verf\u00fcgung gestellt haben, und auch, um Ihnen von Zeit zu Zeit E-Mails \u00fcber die Website oder andere Produkte oder Dienstleistungen zu senden, von denen wir glauben, dass sie f\u00fcr Sie von Interesse sein k\u00f6nnten. Sie k\u00f6nnen solche E-Mail-Nachrichten jederzeit abbestellen, indem Sie auf die Schaltfl\u00e4che \"Abbestellen\" in der E-Mail klicken.<\/p>\n<p>Wir werden Ihre E-Mail-Adresse nicht an Dritte weitergeben.<\/p>\n<p>Wenn Sie Ihren Wohnsitz in einem Land des Europ\u00e4ischen Wirtschaftsraums (EWR) haben, beachten Sie bitte den nachstehenden Abschnitt \"Zus\u00e4tzliche Rechte von EWR-B\u00fcrgern\".<\/p>\n<p>REGISTRIERUNGS- ODER KONTODATEN<\/p>\n<p>Wir k\u00f6nnen weitere Informationen von Ihnen erfassen, wenn Sie sich auf unserer Website registrieren, um verschiedene Funktionen zu nutzen. Zu diesen Informationen geh\u00f6ren Ihr Name, Ihr Geburtstag, Ihre Postleitzahl, Ihr Benutzername und Ihr Passwort (falls zutreffend). Bei der Nutzung der Website k\u00f6nnen wir auch andere Daten erfassen, die Sie freiwillig zur Verf\u00fcgung stellen (z. B. Kommentare, die Sie ver\u00f6ffentlichen).<\/p>\n<p>Wir k\u00f6nnen auch durch andere Methoden Informationen \u00fcber Sie sammeln, z. B. durch Umfragen, Social-Media-Plattformen, \u00dcberpr\u00fcfungsdienste, Datendienste und \u00f6ffentliche Quellen. Wir k\u00f6nnen diese Daten mit Ihren Registrierungsdaten kombinieren, um ein umfassenderes Profil zu erstellen.<br \/>\nWir k\u00f6nnen Ihre personenbezogenen Daten f\u00fcr verschiedene interne Gesch\u00e4ftszwecke verwenden, z. B. zur Verbesserung der Benutzerfreundlichkeit der Website, zur Diagnose und Behebung von St\u00f6rungen auf der Website, zum besseren Verst\u00e4ndnis der Nutzung der Website und zur Erstellung personalisierter Empfehlungen f\u00fcr Sie.<\/p>\n<p>Wenn Sie Ihren Wohnsitz in einem Land des Europ\u00e4ischen Wirtschaftsraums (EWR) haben, beachten Sie bitte den nachstehenden Abschnitt \"Zus\u00e4tzliche Rechte von EWR-B\u00fcrgern\".<\/p>\n<p>RETARGETING-ANZEIGEN<\/p>\n<p>Von Zeit zu Zeit kann sich die Website an Remarketing-Ma\u00dfnahmen mit Drittunternehmen wie Google, Facebook oder Instagram beteiligen, um die Website zu vermarkten. Diese Unternehmen verwenden Cookies, um Anzeigen auf der Grundlage fr\u00fcherer Besuche auf der Website zu schalten.<\/p>\n<p>Z\u00c4HLPIXEL F\u00dcR GESPONSERTE INHALTE<\/p>\n<p>Diese Website kann sich an gesponserten Kampagnen mit verschiedenen Influencer-Netzwerken, Marken und Agenturen beteiligen. Alle gesponserten Inhalte werden in \u00dcbereinstimmung mit den Anforderungen der FTC ordnungsgem\u00e4\u00df offengelegt. Von Zeit zu Zeit werden bei diesen gesponserten Kampagnen Z\u00e4hlpixel (auch Web Beacons genannt) verwendet, die Cookies enthalten k\u00f6nnen, um Daten \u00fcber die Nutzung und die Zielgruppe zu sammeln. Diese Informationen werden von dem sponsernden Unternehmen gesammelt, um die Ergebnisse der Kampagne zu verfolgen. In Verbindung mit diesen Z\u00e4hlpixeln werden keine von der Site erfassten personenbezogenen Daten verwendet.<\/p>\n<p>TEILNAHME AM PARTNERPROGRAMM<\/p>\n<p>Die Website kann Affiliate-Marketing betreiben, indem Tracking-Links in die Website eingebettet werden. Wenn Sie auf einen Link f\u00fcr eine Affiliate-Partnerschaft klicken, wird ein Cookie in Ihrem Browser platziert, um alle Verk\u00e4ufe zum Zweck der Provisionen zu verfolgen.<\/p>\n<p>AMAZON AFFILIATE DISCLOSURE:<\/p>\n<p>Die Website ist Teilnehmer des Partnerprogramms von Amazon Services LLC, einem Partnerwerbeprogramm, das zur Bereitstellung eines Mediums f\u00fcr Websites konzipiert wurde, mittels dessen durch die Platzierung von Werbeanzeigen und Links zu Amazon.com Werbekostenerstattungen verdient werden k\u00f6nnen. Im Rahmen dieses Amazon Associates-Programms werden auf der Website von Amazon zur Verf\u00fcgung gestellte individuelle Links platziert, um die Verweise auf ihre Website zu verfolgen. Dieses Programm verwendet Cookies, um Besuche zu verfolgen, damit die Provisionen f\u00fcr diese Verk\u00e4ufe zugewiesen werden k\u00f6nnen.<\/p>\n<p>NEWSLETTERS<\/p>\n<p>Auf der Website k\u00f6nnen Sie unseren Newsletter abonnieren, der f\u00fcr Werbezwecke verwendet werden kann. Alle versendeten Newsletter k\u00f6nnen Z\u00e4hlpixel enthalten. Das Z\u00e4hlpixel ist in E-Mails eingebettet und erm\u00f6glicht eine Analyse des Erfolgs von Online-Marketing-Kampagnen. Anhand dieses Z\u00e4hlpixels k\u00f6nnen wir erkennen, ob und wann Sie eine E-Mail ge\u00f6ffnet haben und welche Links in der E-Mail von Ihnen angeklickt wurden. Dies erm\u00f6glicht es der Website auch, den Inhalt k\u00fcnftiger Newsletter an die Interessen der Nutzer anzupassen. Dieses Verhalten wird nicht an Dritte weitergegeben.<\/p>\n<p>WELCHE RECHTE WIR AN IHREN DATEN HABEN<\/p>\n<p>Wenn Sie ein Konto auf dieser Website haben oder Kommentare hinterlassen haben, k\u00f6nnen Sie eine exportierte Datei mit den personenbezogenen Daten anfordern, die wir \u00fcber Sie gespeichert haben, einschlie\u00dflich aller Daten, die Sie uns zur Verf\u00fcgung gestellt haben. Sie k\u00f6nnen auch verlangen, dass wir alle personenbezogenen Daten, die wir \u00fcber Sie gespeichert haben, l\u00f6schen. Davon ausgenommen sind Daten, die wir aus administrativen, rechtlichen oder Sicherheitsgr\u00fcnden aufbewahren m\u00fcssen.<\/p>\n<p>MEDIEN<\/p>\n<p>Wenn Sie Bilder auf die Website hochladen, sollten Sie es vermeiden, Bilder hochzuladen, die eingebettete Standortdaten (EXIF-GPS) enthalten. Die Besucher der Website k\u00f6nnen alle Standortdaten von den Bildern auf der Website herunterladen und extrahieren.<\/p>\n<p>EINGEBETTETE INHALTE VON ANDEREN WEBSITES<\/p>\n<p>Die Artikel auf dieser Website k\u00f6nnen eingebettete Inhalte (z. B. Videos, Bilder, Artikel usw.) enthalten. Eingebettete Inhalte von anderen Websites verhalten sich genau so, als ob der Besucher die andere Website besucht h\u00e4tte.<\/p>\n<p>Diese Websites k\u00f6nnen Daten \u00fcber Sie sammeln, Cookies verwenden, zus\u00e4tzliche Trackingfunktionen von Dritten einbetten und Ihre Interaktion mit diesen eingebetteten Inhalten \u00fcberwachen, einschlie\u00dflich der Verfolgung Ihrer Interaktion mit den eingebetteten Inhalten, wenn Sie ein Konto haben und auf dieser Website angemeldet sind.<\/p>\n<p>ZUS\u00c4TZLICHE RECHTE VON IM EWR (EUROP\u00c4ISCHER WIRTSCHAFTSRAUM) ANS\u00c4SSIGEN PERSONEN<\/p>\n<p>Wenn Sie Ihren Wohnsitz in einem Land des EWR haben, haben Sie u. a. das Recht auf:<\/p>\n<p>(i) Zugang zu Ihren personenbezogenen Daten<\/p>\n<p>(ii) die Richtigkeit Ihrer personenbezogenen Daten zu gew\u00e4hrleisten<\/p>\n<p>(iii) das Recht, dass wir Ihre personenbezogenen Daten l\u00f6schen<\/p>\n<p>(iv) das Recht, die weitere Verarbeitung Ihrer personenbezogenen Daten einzuschr\u00e4nken, und<\/p>\n<p>(v) das Recht auf Beschwerde bei einer Aufsichtsbeh\u00f6rde in Ihrem Wohnsitzland im Falle eines Datenmissbrauchs<\/p>\n<p>Wenn Sie der Meinung sind, dass unsere Verarbeitung Ihrer personenbezogenen Daten gegen das Datenschutzrecht verst\u00f6\u00dft, haben Sie das Recht, eine Beschwerde bei einer f\u00fcr den Datenschutz zust\u00e4ndigen Aufsichtsbeh\u00f6rde einzureichen. Sie k\u00f6nnen dies in dem EU-Mitgliedstaat tun, in dem Sie Ihren Wohnsitz haben, in dem Sie arbeiten oder in dem der mutma\u00dfliche Versto\u00df stattgefunden hat.<\/p>\n<p>Sie k\u00f6nnen jedes Ihrer Rechte in Bezug auf Ihre personenbezogenen Daten aus\u00fcben, indem Sie uns unter adminmc@lemonfirebrigade.com kontaktieren.<\/p>\n<p>VERKAUF VON UNTERNEHMEN ODER VERM\u00d6GENSWERTEN<\/p>\n<p>F\u00fcr den Fall, dass die Website oder im Wesentlichen alle ihre Verm\u00f6genswerte verkauft oder ver\u00e4u\u00dfert werden, sei es durch Fusion, Verkauf von Verm\u00f6genswerten oder auf andere Weise, oder im Falle einer Insolvenz, eines Konkurses oder einer Zwangsverwaltung, k\u00f6nnen die von uns \u00fcber Sie gesammelten Daten zu den Verm\u00f6genswerten geh\u00f6ren, die im Zusammenhang mit dieser Transaktion verkauft oder zusammengelegt werden.<\/p>\n<p>\u00c4NDERUNGEN AN DER DATENSCHUTZPOLITIK<\/p>\n<p>Wir k\u00f6nnen diese Datenschutzrichtlinie von Zeit zu Zeit \u00e4ndern. Die aktuellste Version der Datenschutzrichtlinie wird immer auf der Website ver\u00f6ffentlicht, wobei das Datum des Inkrafttretens oben in der Richtlinie angegeben ist. Wir k\u00f6nnen diese Datenschutzrichtlinie \u00fcberarbeiten und aktualisieren, wenn sich unsere Praktiken \u00e4ndern, wenn sich die Technologie \u00e4ndert oder wenn wir neue Dienste hinzuf\u00fcgen oder bestehende Dienste \u00e4ndern. Wenn wir wesentliche \u00c4nderungen an unserer Datenschutzrichtlinie oder an der Art und Weise vornehmen, wie wir mit Ihren personenbezogenen Daten umgehen, oder wenn wir personenbezogene Daten auf eine Art und Weise verwenden, die sich wesentlich von der unterscheidet, die in unserer Datenschutzrichtlinie zu dem Zeitpunkt angegeben war, als wir diese Daten erhoben haben, geben wir Ihnen eine angemessene Gelegenheit, der \u00c4nderung zuzustimmen. Wenn Sie nicht zustimmen, werden Ihre pers\u00f6nlichen Daten gem\u00e4\u00df den Bedingungen der Datenschutzrichtlinie verwendet, die zum Zeitpunkt der Erfassung dieser Daten in Kraft war. Wenn Sie unsere Website oder Dienste nach dem Datum des Inkrafttretens nutzen, wird davon ausgegangen, dass Sie unserer zu diesem Zeitpunkt g\u00fcltigen Datenschutzrichtlinie zustimmen. Wir werden die zuvor erhaltenen Informationen in \u00dcbereinstimmung mit der Datenschutzrichtlinie verwenden, die zu dem Zeitpunkt in Kraft war, als die Informationen von Ihnen erhalten wurden.<\/p>\n<p>KONTAKTAUFNAHME MIT UNS<\/p>\n<p>If you have any questions about this Privacy Policy or the practices of this Site, please contact us at &#97;&#x64;&#x6d;i&#110;&#x6d;c&#64;&#x6c;&#x65;m&#111;&#x6e;f&#105;&#x72;&#x65;b&#114;&#x69;g&#97;&#x64;&#x65;&#46;&#99;&#x6f;m<\/p>","protected":false},"excerpt":{"rendered":"<p>G\u00fcltig ab 3. Dezember 2021 Der Eigent\u00fcmer dieser Website (lemonfirebrigade.com, im Folgenden als \"Website\" bezeichnet) ist sich bewusst, dass Ihre Privatsph\u00e4re von entscheidender Bedeutung ist. Diese Datenschutzrichtlinie beschreibt, welche Informationen wir von Ihnen \u00fcber die Website sammeln und wie wir diese Informationen verwenden und weitergeben. UNSERE VERWENDUNG VON COOKIES Ein Cookie ist eine Datei, die... <a class=\"more-link\" href=\"https:\/\/lemonfirebrigade.com\/de\/datenschutzbestimmungen\/\"><span class=\"screen-reader-text\">Datenschutzbestimmungen<\/span> weiterlesen<\/a><\/p>","protected":false},"author":1,"featured_media":0,"parent":0,"menu_order":0,"comment_status":"closed","ping_status":"closed","template":"page-full-width.php","meta":{"_uag_custom_page_level_css":"","wprm-recipe-roundup-name":"","wprm-recipe-roundup-description":"","footnotes":""},"class_list":["post-334","page","type-page","status-publish","hentry","entry"],"uagb_featured_image_src":{"full":false,"thumbnail":false,"medium":false,"medium_large":false,"large":false,"1536x1536":false,"2048x2048":false,"trp-custom-language-flag":false,"wprm-metadata-1_1":false,"wprm-metadata-4_3":false,"wprm-metadata-16_9":false,"post-thumbnail":false},"uagb_author_info":{"display_name":"Michael Reichert","author_link":"https:\/\/lemonfirebrigade.com\/de\/author\/lfb_admin381\/"},"uagb_comment_info":0,"uagb_excerpt":"Effective December 3, 2021 As the owner of this website (lemonfirebrigade.com, referred to as the \u201cSite\u201d), understands that your privacy is of critical importance. This Privacy Policy describes what information we collect from you via the Site and how we use and disclose such information. OUR USE OF COOKIES A cookie is a file containing&hellip;&hellip;","_links":{"self":[{"href":"https:\/\/lemonfirebrigade.com\/de\/wp-json\/wp\/v2\/pages\/334","targetHints":{"allow":["GET"]}}],"collection":[{"href":"https:\/\/lemonfirebrigade.com\/de\/wp-json\/wp\/v2\/pages"}],"about":[{"href":"https:\/\/lemonfirebrigade.com\/de\/wp-json\/wp\/v2\/types\/page"}],"author":[{"embeddable":true,"href":"https:\/\/lemonfirebrigade.com\/de\/wp-json\/wp\/v2\/users\/1"}],"replies":[{"embeddable":true,"href":"https:\/\/lemonfirebrigade.com\/de\/wp-json\/wp\/v2\/comments?post=334"}],"version-history":[{"count":1,"href":"https:\/\/lemonfirebrigade.com\/de\/wp-json\/wp\/v2\/pages\/334\/revisions"}],"predecessor-version":[{"id":335,"href":"https:\/\/lemonfirebrigade.com\/de\/wp-json\/wp\/v2\/pages\/334\/revisions\/335"}],"wp:attachment":[{"href":"https:\/\/lemonfirebrigade.com\/de\/wp-json\/wp\/v2\/media?parent=334"}],"curies":[{"name":"wp","href":"https:\/\/api.w.org\/{rel}","templated":true}]}}