{"id":189,"date":"2021-11-30T14:26:03","date_gmt":"2021-11-30T19:26:03","guid":{"rendered":"https:\/\/lemonfirebrigade.com\/?page_id=189"},"modified":"2023-09-13T19:33:27","modified_gmt":"2023-09-13T23:33:27","slug":"about-me","status":"publish","type":"page","link":"https:\/\/lemonfirebrigade.com\/de\/uber-mich\/","title":{"rendered":"\u00dcber mich"},"content":{"rendered":"<p><img loading=\"lazy\" decoding=\"async\" class=\"aligncenter wp-image-689\" src=\"https:\/\/lemonfirebrigade.com\/wp-content\/uploads\/2023\/09\/Michael-M.-Reichert-1024x920.jpg\" alt=\"Michael M. Reichert\" width=\"400\" height=\"359\" srcset=\"https:\/\/lemonfirebrigade.com\/wp-content\/uploads\/2023\/09\/Michael-M.-Reichert-1024x920.jpg 1024w, https:\/\/lemonfirebrigade.com\/wp-content\/uploads\/2023\/09\/Michael-M.-Reichert-300x269.jpg 300w, https:\/\/lemonfirebrigade.com\/wp-content\/uploads\/2023\/09\/Michael-M.-Reichert-768x690.jpg 768w, https:\/\/lemonfirebrigade.com\/wp-content\/uploads\/2023\/09\/Michael-M.-Reichert-13x12.jpg 13w, https:\/\/lemonfirebrigade.com\/wp-content\/uploads\/2023\/09\/Michael-M.-Reichert.jpg 1481w\" sizes=\"auto, (max-width: 400px) 100vw, 400px\" \/><\/p>\n<p>Hallo, ich bin Michael Reichert, und ich lade Sie ein, sich mit mir auf eine kulinarische Reise zu begeben! Ich bin der Autor, Fotograf, Rezeptliebhaber und der kreative Kopf hinter Lemonfirebrigade.com. Begleiten Sie mich bei der Erkundung einer Reihe von k\u00f6stlichen Rezepten im Restaurant-Stil und teilen Sie fesselnde Geschichten von meinen Reisen.<\/p>\n<p>Mit mehr als 15 Jahren praktischer Erfahrung in der kulinarischen Welt bringe ich Ihnen einen Schatz an bew\u00e4hrten Rezepten, kulinarischer Weisheit und Insider-Kochgeheimnissen, die es Ihnen erm\u00f6glichen, Gerichte in Restaurantqualit\u00e4t in Ihrer eigenen K\u00fcche zuzubereiten.<\/p>\n<p><strong>WAS SIE AUF LEMONFIREBRIGADE.COM ERWARTET<\/strong><\/p>\n<p>Mein Hauptziel ist es, Ihnen zu zeigen, dass es einfacher ist, zu Hause leckere Gerichte im Stil eines Restaurants zuzubereiten, als Sie sich vorstellen k\u00f6nnen. Ich m\u00f6chte Sie dazu bef\u00e4higen, in Ihrer K\u00fcche kulinarische Meisterwerke zu kreieren, ohne unz\u00e4hlige Stunden damit zu verbringen, nach schwer zu findenden Zutaten zu suchen. Schlie\u00dflich wei\u00df ich, dass niemand von uns endlose Stunden in der K\u00fcche verbringen kann, und das erwarte ich auch nicht von Ihnen.<\/p>\n<p>Die Gerichte, die ich Ihnen zeige, wie Sie sie zu Hause zubereiten k\u00f6nnen, zaubern nicht nur ein L\u00e4cheln auf Ihren Esstisch, sondern helfen Ihnen auch, die Kosten f\u00fcr ein Restaurantbesuch zu senken. In meinem kulinarischen Buch ist das ein doppelter Gewinn!<\/p>\n<p>Der gr\u00f6\u00dfte Vorteil beim Kochen zu Hause ist, dass Sie die Kontrolle \u00fcber Ihre Zutaten haben. Anders als bei einem Restaurantbesuch, einer Fastfood-Bestellung oder einem Imbiss m\u00fcssen Sie nie nachdenken, was in Ihre Mahlzeiten kommt.<\/p>\n<p><strong>HANDGEFERTIGTE REZEPTE NACH ART EINES RESTAURANTS<\/strong><\/p>\n<p>Jedes einzelne Rezept in meinem Blog wurde von mir selbst entwickelt (sofern nicht anders angegeben) und basiert auf meiner langj\u00e4hrigen Erfahrung als K\u00fcchenchef. Diese Rezepte werden in meiner eigenen K\u00fcche rigoros getestet und sind mit einer 100%-Zuverl\u00e4ssigkeitsgarantie ausgestattet.<\/p>\n<p>Meine Rezepte sind authentisch und haben ihre Wurzeln in meiner jahrzehntelangen Karriere als Profikoch, und ich habe mir die Zeit genommen, sie bei Bedarf f\u00fcr die K\u00fcche zu Hause anzupassen. Aber glauben Sie mir, es ist keine Raketenwissenschaft. Die Kunst des kreativen Kochens besteht, wie bei K\u00f6chen, darin, einfache Techniken zu beherrschen und die richtigen Zutaten auszuw\u00e4hlen.<\/p>\n<p>Ich arbeite derzeit bequem von zu Hause aus, und bei meinem hektischen Zeitplan wei\u00df ich, wie wichtig Zeit ist. Ich erwarte auch nicht, dass Sie sich stundenlang mit dem Kochen besch\u00e4ftigen. Die meisten meiner Rezepte lassen sich in 30 Minuten oder weniger zubereiten.<\/p>\n<p>Lassen Sie sich kein einziges k\u00f6stliches Rezept entgehen. Melden Sie sich noch heute an, um eine Auswahl der Lieblingsrezepte meiner Familie und leicht zuzubereitende K\u00f6stlichkeiten in Restaurantqualit\u00e4t zu erhalten.<\/p>\n<p>Folgen Sie mir!<\/p>\n<p><a href=\"https:\/\/www.facebook.com\/lemonfirebrigadedotcom\" target=\"_blank\" rel=\"noopener\">Facebook<\/a><\/p>\n<p><a href=\"http:\/\/www.linkedin.com\/in\/michaelmreichert\" target=\"_blank\" rel=\"noopener\">Linkedin<\/a><\/p>\n<p><a href=\"https:\/\/twitter.com\/mreichertblog\" target=\"_blank\" rel=\"noopener\">Twitter<\/a><\/p>\n<p><a href=\"https:\/\/www.pinterest.com\/lemonfirebrigaderecipes\/\" target=\"_blank\" rel=\"noopener\">Pinterest<\/a><\/p>","protected":false},"excerpt":{"rendered":"<p>Hallo, ich bin Michael Reichert, und ich lade Sie ein, sich mit mir auf eine kulinarische Reise zu begeben! Ich bin der Autor, Fotograf, Rezeptliebhaber und der kreative Kopf hinter Lemonfirebrigade.com. Begleiten Sie mich bei der Erkundung einer Reihe von k\u00f6stlichen Rezepten im Restaurant-Stil und teilen Sie fesselnde Geschichten von meinen Reisen. Mit \u00fcber 15 Jahren praktischer Erfahrung in der... <a class=\"more-link\" href=\"https:\/\/lemonfirebrigade.com\/de\/uber-mich\/\"><span class=\"screen-reader-text\">\u00dcber mich<\/span> weiterlesen<\/a><\/p>","protected":false},"author":1,"featured_media":0,"parent":0,"menu_order":0,"comment_status":"closed","ping_status":"closed","template":"","meta":{"_uag_custom_page_level_css":"","wprm-recipe-roundup-name":"","wprm-recipe-roundup-description":"","footnotes":""},"class_list":["post-189","page","type-page","status-publish","hentry","entry"],"uagb_featured_image_src":{"full":false,"thumbnail":false,"medium":false,"medium_large":false,"large":false,"1536x1536":false,"2048x2048":false,"trp-custom-language-flag":false,"wprm-metadata-1_1":false,"wprm-metadata-4_3":false,"wprm-metadata-16_9":false,"post-thumbnail":false},"uagb_author_info":{"display_name":"Michael Reichert","author_link":"https:\/\/lemonfirebrigade.com\/de\/author\/lfb_admin381\/"},"uagb_comment_info":0,"uagb_excerpt":"Hello, I&#8217;m Michael Reichert, and I invite you to embark on a culinary journey with me! I am the author, photographer, recipe enthusiast, and the creative mind behind Lemonfirebrigade.com. Join me as we explore an array of delectable restaurant-style recipes and share captivating tales of my travels. With over 15 years of hands-on experience in&hellip;&hellip;","_links":{"self":[{"href":"https:\/\/lemonfirebrigade.com\/de\/wp-json\/wp\/v2\/pages\/189","targetHints":{"allow":["GET"]}}],"collection":[{"href":"https:\/\/lemonfirebrigade.com\/de\/wp-json\/wp\/v2\/pages"}],"about":[{"href":"https:\/\/lemonfirebrigade.com\/de\/wp-json\/wp\/v2\/types\/page"}],"author":[{"embeddable":true,"href":"https:\/\/lemonfirebrigade.com\/de\/wp-json\/wp\/v2\/users\/1"}],"replies":[{"embeddable":true,"href":"https:\/\/lemonfirebrigade.com\/de\/wp-json\/wp\/v2\/comments?post=189"}],"version-history":[{"count":4,"href":"https:\/\/lemonfirebrigade.com\/de\/wp-json\/wp\/v2\/pages\/189\/revisions"}],"predecessor-version":[{"id":705,"href":"https:\/\/lemonfirebrigade.com\/de\/wp-json\/wp\/v2\/pages\/189\/revisions\/705"}],"wp:attachment":[{"href":"https:\/\/lemonfirebrigade.com\/de\/wp-json\/wp\/v2\/media?parent=189"}],"curies":[{"name":"wp","href":"https:\/\/api.w.org\/{rel}","templated":true}]}}